{"id":179,"date":"2021-06-01T12:32:19","date_gmt":"2021-06-01T09:32:19","guid":{"rendered":"https:\/\/www.omakuulo.fi\/?page_id=179"},"modified":"2024-08-10T15:43:20","modified_gmt":"2024-08-10T12:43:20","slug":"kuulonsuojaus-tyo","status":"publish","type":"page","link":"https:\/\/www.omakuulo.fi\/index.php\/kuulonsuojaus-tyo\/","title":{"rendered":"Kuulonsuojaus &#8211; Ty\u00f6"},"content":{"rendered":"\t\t<div data-elementor-type=\"wp-page\" data-elementor-id=\"179\" class=\"elementor elementor-179\" data-elementor-post-type=\"page\">\n\t\t\t\t\t\t<section class=\"elementor-section elementor-top-section elementor-element elementor-element-e5b9284 elementor-section-boxed elementor-section-height-default elementor-section-height-default\" data-id=\"e5b9284\" data-element_type=\"section\">\n\t\t\t\t\t\t<div class=\"elementor-container elementor-column-gap-default\">\n\t\t\t\t\t<div class=\"elementor-column elementor-col-100 elementor-top-column elementor-element elementor-element-e94c909\" data-id=\"e94c909\" data-element_type=\"column\">\n\t\t\t<div class=\"elementor-widget-wrap elementor-element-populated\">\n\t\t\t\t\t\t<section class=\"elementor-section elementor-inner-section elementor-element elementor-element-22d8b82 elementor-section-boxed elementor-section-height-default elementor-section-height-default\" data-id=\"22d8b82\" data-element_type=\"section\">\n\t\t\t\t\t\t<div class=\"elementor-container elementor-column-gap-default\">\n\t\t\t\t\t<div class=\"elementor-column elementor-col-50 elementor-inner-column elementor-element elementor-element-2f40255\" data-id=\"2f40255\" data-element_type=\"column\">\n\t\t\t<div class=\"elementor-widget-wrap elementor-element-populated\">\n\t\t\t\t\t\t<div class=\"elementor-element elementor-element-adee29d elementor-widget elementor-widget-heading\" data-id=\"adee29d\" data-element_type=\"widget\" data-widget_type=\"heading.default\">\n\t\t\t\t<div class=\"elementor-widget-container\">\n\t\t\t\t\t<h3 class=\"elementor-heading-title elementor-size-large\">YKSIL\u00d6LLISET KUULONSUOJAIMET TY\u00d6H\u00d6N<\/h3>\t\t\t\t<\/div>\n\t\t\t\t<\/div>\n\t\t\t\t<div class=\"elementor-element elementor-element-a20f63a elementor-widget elementor-widget-heading\" data-id=\"a20f63a\" data-element_type=\"widget\" data-widget_type=\"heading.default\">\n\t\t\t\t<div class=\"elementor-widget-container\">\n\t\t\t\t\t<h2 class=\"elementor-heading-title elementor-size-default\">MUKAVAT JA TURVALLISET<\/h2>\t\t\t\t<\/div>\n\t\t\t\t<\/div>\n\t\t\t\t<div class=\"elementor-element elementor-element-09b4977 elementor-widget elementor-widget-text-editor\" data-id=\"09b4977\" data-element_type=\"widget\" data-widget_type=\"text-editor.default\">\n\t\t\t\t<div class=\"elementor-widget-container\">\n\t\t\t\t\t\t\t\t\t<p>Yksil\u00f6llisesti valmistetut kuulonsuojaimet tarjoavat monia etuja verrattuna perineteisiin korvatulppiin vakuuttamalla mukaavuudella sek\u00e4 paremmalla istuvuudella. Erilaiset filtterit ovat keskeisess\u00e4 osassa tarjoten sopivan suojauksen tarpeen mukaan.<\/p><p>\u00a0<\/p><p><span style=\"color: var( --e-global-color-text ); font-family: var( --e-global-typography-text-font-family ), Sans-serif; font-size: var( --e-global-typography-text-font-size ); letter-spacing: var( --e-global-typography-text-letter-spacing );\">H\u00f6rluchs\u00ae valmistaa yksil\u00f6llisi\u00e4 kuulonsuojaimia teollisuudelle, vapaa-aikaan ja urheiluun. Tuotteita valmistetaan erilaisista materiaaleista sek\u00e4 huipputeknologian komponenteista<\/span><\/p><p><span style=\"color: var( --e-global-color-text ); font-family: var( --e-global-typography-text-font-family ), Sans-serif; font-size: var( --e-global-typography-text-font-size ); letter-spacing: var( --e-global-typography-text-letter-spacing );\">Alla muutamia kategorioita ja niiden alta l\u00f6ytyv\u00e4t tuotteet. Eri tuotteita voi k\u00e4ytt\u00e4\u00e4 muuhunkin tarkoitukseen kuin alla esitetyt esimerkit.<\/span><\/p>\t\t\t\t\t\t\t\t<\/div>\n\t\t\t\t<\/div>\n\t\t\t\t\t<\/div>\n\t\t<\/div>\n\t\t\t\t<div class=\"elementor-column elementor-col-50 elementor-inner-column elementor-element elementor-element-11a1a9f\" data-id=\"11a1a9f\" data-element_type=\"column\">\n\t\t\t<div class=\"elementor-widget-wrap elementor-element-populated\">\n\t\t\t\t\t\t<div class=\"elementor-element elementor-element-dcf1817 elementor-widget elementor-widget-image\" data-id=\"dcf1817\" data-element_type=\"widget\" data-widget_type=\"image.default\">\n\t\t\t\t<div class=\"elementor-widget-container\">\n\t\t\t\t\t\t\t\t\t\t\t\t\t\t\t<img fetchpriority=\"high\" decoding=\"async\" width=\"290\" height=\"499\" src=\"https:\/\/www.omakuulo.fi\/wp-content\/uploads\/2022\/10\/hoerluchs-gehoerschutz-mit-trageband.png\" class=\"attachment-large size-large wp-image-993\" alt=\"\" srcset=\"https:\/\/www.omakuulo.fi\/wp-content\/uploads\/2022\/10\/hoerluchs-gehoerschutz-mit-trageband.png 290w, https:\/\/www.omakuulo.fi\/wp-content\/uploads\/2022\/10\/hoerluchs-gehoerschutz-mit-trageband-174x300.png 174w\" sizes=\"100vw\" \/>\t\t\t\t\t\t\t\t\t\t\t\t\t\t\t<\/div>\n\t\t\t\t<\/div>\n\t\t\t\t\t<\/div>\n\t\t<\/div>\n\t\t\t\t\t<\/div>\n\t\t<\/section>\n\t\t\t\t\t<\/div>\n\t\t<\/div>\n\t\t\t\t\t<\/div>\n\t\t<\/section>\n\t\t\t\t<section class=\"elementor-section elementor-top-section elementor-element elementor-element-c3a3db3 elementor-section-boxed elementor-section-height-default elementor-section-height-default\" data-id=\"c3a3db3\" data-element_type=\"section\">\n\t\t\t\t\t\t<div class=\"elementor-container elementor-column-gap-default\">\n\t\t\t\t\t<div class=\"elementor-column elementor-col-100 elementor-top-column elementor-element elementor-element-17d6915\" data-id=\"17d6915\" data-element_type=\"column\">\n\t\t\t<div class=\"elementor-widget-wrap elementor-element-populated\">\n\t\t\t\t\t\t<section class=\"elementor-section elementor-inner-section elementor-element elementor-element-bcc4e2b elementor-section-boxed elementor-section-height-default elementor-section-height-default\" data-id=\"bcc4e2b\" data-element_type=\"section\">\n\t\t\t\t\t\t<div class=\"elementor-container elementor-column-gap-default\">\n\t\t\t\t\t<div class=\"elementor-column elementor-col-25 elementor-inner-column elementor-element elementor-element-cd252c6\" data-id=\"cd252c6\" data-element_type=\"column\">\n\t\t\t<div class=\"elementor-widget-wrap elementor-element-populated\">\n\t\t\t\t\t\t<div class=\"elementor-element elementor-element-7080457 elementor-widget elementor-widget-image\" data-id=\"7080457\" data-element_type=\"widget\" data-widget_type=\"image.default\">\n\t\t\t\t<div class=\"elementor-widget-container\">\n\t\t\t\t\t\t\t\t\t\t\t\t<figure class=\"wp-caption\">\n\t\t\t\t\t\t\t\t\t\t\t<a href=\"https:\/\/www.omakuulo.fi\/index.php\/HA\">\n\t\t\t\t\t\t\t<img decoding=\"async\" width=\"525\" height=\"700\" src=\"https:\/\/www.omakuulo.fi\/wp-content\/uploads\/2022\/10\/pageteaser_industrie-handwerk.jpeg\" class=\"attachment-large size-large wp-image-992\" alt=\"\" srcset=\"https:\/\/www.omakuulo.fi\/wp-content\/uploads\/2022\/10\/pageteaser_industrie-handwerk.jpeg 600w, https:\/\/www.omakuulo.fi\/wp-content\/uploads\/2022\/10\/pageteaser_industrie-handwerk-225x300.jpeg 225w\" sizes=\"100vw\" \/>\t\t\t\t\t\t\t\t<\/a>\n\t\t\t\t\t\t\t\t\t\t\t<figcaption class=\"widget-image-caption wp-caption-text\">TEOLLISUUS JA K\u00c4SITY\u00d6T<\/figcaption>\n\t\t\t\t\t\t\t\t\t\t<\/figure>\n\t\t\t\t\t\t\t\t\t<\/div>\n\t\t\t\t<\/div>\n\t\t\t\t\t<\/div>\n\t\t<\/div>\n\t\t\t\t<div class=\"elementor-column elementor-col-25 elementor-inner-column elementor-element elementor-element-f24a8d8\" data-id=\"f24a8d8\" data-element_type=\"column\">\n\t\t\t<div class=\"elementor-widget-wrap elementor-element-populated\">\n\t\t\t\t\t\t<div class=\"elementor-element elementor-element-e624f22 elementor-widget elementor-widget-image\" data-id=\"e624f22\" data-element_type=\"widget\" data-widget_type=\"image.default\">\n\t\t\t\t<div class=\"elementor-widget-container\">\n\t\t\t\t\t\t\t\t\t\t\t\t<figure class=\"wp-caption\">\n\t\t\t\t\t\t\t\t\t\t\t<a href=\"https:\/\/www.omakuulo.fi\/index.php\/sowei-com\/\">\n\t\t\t\t\t\t\t<img decoding=\"async\" width=\"525\" height=\"700\" src=\"https:\/\/www.omakuulo.fi\/wp-content\/uploads\/2022\/10\/pageteaser_polizei-sicherheit.jpeg\" class=\"attachment-large size-large wp-image-990\" alt=\"\" srcset=\"https:\/\/www.omakuulo.fi\/wp-content\/uploads\/2022\/10\/pageteaser_polizei-sicherheit.jpeg 600w, https:\/\/www.omakuulo.fi\/wp-content\/uploads\/2022\/10\/pageteaser_polizei-sicherheit-225x300.jpeg 225w\" sizes=\"100vw\" \/>\t\t\t\t\t\t\t\t<\/a>\n\t\t\t\t\t\t\t\t\t\t\t<figcaption class=\"widget-image-caption wp-caption-text\">POLIISI, VARTIJAT JA MUU KOMMUNIKOINTIA TARVITSEVA TY\u00d6<\/figcaption>\n\t\t\t\t\t\t\t\t\t\t<\/figure>\n\t\t\t\t\t\t\t\t\t<\/div>\n\t\t\t\t<\/div>\n\t\t\t\t\t<\/div>\n\t\t<\/div>\n\t\t\t\t<div class=\"elementor-column elementor-col-25 elementor-inner-column elementor-element elementor-element-3ff86c2\" data-id=\"3ff86c2\" data-element_type=\"column\">\n\t\t\t<div class=\"elementor-widget-wrap elementor-element-populated\">\n\t\t\t\t\t\t<div class=\"elementor-element elementor-element-92e936d elementor-widget elementor-widget-image\" data-id=\"92e936d\" data-element_type=\"widget\" data-widget_type=\"image.default\">\n\t\t\t\t<div class=\"elementor-widget-container\">\n\t\t\t\t\t\t\t\t\t\t\t\t<figure class=\"wp-caption\">\n\t\t\t\t\t\t\t\t\t\t<img loading=\"lazy\" decoding=\"async\" width=\"525\" height=\"700\" src=\"https:\/\/www.omakuulo.fi\/wp-content\/uploads\/2022\/10\/pageteaser_hoerminderung-laerm-gross.jpeg\" class=\"attachment-large size-large wp-image-985\" alt=\"\" srcset=\"https:\/\/www.omakuulo.fi\/wp-content\/uploads\/2022\/10\/pageteaser_hoerminderung-laerm-gross.jpeg 600w, https:\/\/www.omakuulo.fi\/wp-content\/uploads\/2022\/10\/pageteaser_hoerminderung-laerm-gross-225x300.jpeg 225w\" sizes=\"100vw\" \/>\t\t\t\t\t\t\t\t\t\t\t<figcaption class=\"widget-image-caption wp-caption-text\">KUULOVAMMA JA KUULONSUOJAUS<\/figcaption>\n\t\t\t\t\t\t\t\t\t\t<\/figure>\n\t\t\t\t\t\t\t\t\t<\/div>\n\t\t\t\t<\/div>\n\t\t\t\t\t<\/div>\n\t\t<\/div>\n\t\t\t\t<div class=\"elementor-column elementor-col-25 elementor-inner-column elementor-element elementor-element-4089134\" data-id=\"4089134\" data-element_type=\"column\">\n\t\t\t<div class=\"elementor-widget-wrap elementor-element-populated\">\n\t\t\t\t\t\t<div class=\"elementor-element elementor-element-1c2d4a3 elementor-widget elementor-widget-image\" data-id=\"1c2d4a3\" data-element_type=\"widget\" data-widget_type=\"image.default\">\n\t\t\t\t<div class=\"elementor-widget-container\">\n\t\t\t\t\t\t\t\t\t\t\t\t<figure class=\"wp-caption\">\n\t\t\t\t\t\t\t\t\t\t\t<a href=\"https:\/\/www.omakuulo.fi\/index.php\/ha-active-ammunta\/\">\n\t\t\t\t\t\t\t<img loading=\"lazy\" decoding=\"async\" width=\"525\" height=\"700\" src=\"https:\/\/www.omakuulo.fi\/wp-content\/uploads\/2022\/10\/pageteaser_schiessen-jagd.jpeg\" class=\"attachment-large size-large wp-image-989\" alt=\"\" srcset=\"https:\/\/www.omakuulo.fi\/wp-content\/uploads\/2022\/10\/pageteaser_schiessen-jagd.jpeg 600w, https:\/\/www.omakuulo.fi\/wp-content\/uploads\/2022\/10\/pageteaser_schiessen-jagd-225x300.jpeg 225w\" sizes=\"100vw\" \/>\t\t\t\t\t\t\t\t<\/a>\n\t\t\t\t\t\t\t\t\t\t\t<figcaption class=\"widget-image-caption wp-caption-text\">IMPULSSIMELU<\/figcaption>\n\t\t\t\t\t\t\t\t\t\t<\/figure>\n\t\t\t\t\t\t\t\t\t<\/div>\n\t\t\t\t<\/div>\n\t\t\t\t\t<\/div>\n\t\t<\/div>\n\t\t\t\t\t<\/div>\n\t\t<\/section>\n\t\t\t\t\t<\/div>\n\t\t<\/div>\n\t\t\t\t\t<\/div>\n\t\t<\/section>\n\t\t\t\t<\/div>\n\t\t","protected":false},"excerpt":{"rendered":"<p>YKSIL\u00d6LLISET KUULONSUOJAIMET TY\u00d6H\u00d6N MUKAVAT JA TURVALLISET Yksil\u00f6llisesti valmistetut kuulonsuojaimet tarjoavat monia etuja verrattuna perineteisiin korvatulppiin vakuuttamalla mukaavuudella sek\u00e4 paremmalla istuvuudella. Erilaiset filtterit ovat keskeisess\u00e4 osassa tarjoten sopivan suojauksen tarpeen mukaan. &hellip; <\/p>\n<p class=\"link-more\"><a href=\"https:\/\/www.omakuulo.fi\/index.php\/kuulonsuojaus-tyo\/\" class=\"more-link\">Jatka lukemista<span class=\"screen-reader-text\"> &#8221;Kuulonsuojaus &#8211; Ty\u00f6&#8221;<\/span><\/a><\/p>\n","protected":false},"author":1,"featured_media":0,"parent":0,"menu_order":0,"comment_status":"closed","ping_status":"closed","template":"elementor_header_footer","meta":{"footnotes":""},"class_list":["post-179","page","type-page","status-publish","hentry"],"_links":{"self":[{"href":"https:\/\/www.omakuulo.fi\/index.php\/wp-json\/wp\/v2\/pages\/179","targetHints":{"allow":["GET"]}}],"collection":[{"href":"https:\/\/www.omakuulo.fi\/index.php\/wp-json\/wp\/v2\/pages"}],"about":[{"href":"https:\/\/www.omakuulo.fi\/index.php\/wp-json\/wp\/v2\/types\/page"}],"author":[{"embeddable":true,"href":"https:\/\/www.omakuulo.fi\/index.php\/wp-json\/wp\/v2\/users\/1"}],"replies":[{"embeddable":true,"href":"https:\/\/www.omakuulo.fi\/index.php\/wp-json\/wp\/v2\/comments?post=179"}],"version-history":[{"count":111,"href":"https:\/\/www.omakuulo.fi\/index.php\/wp-json\/wp\/v2\/pages\/179\/revisions"}],"predecessor-version":[{"id":1406,"href":"https:\/\/www.omakuulo.fi\/index.php\/wp-json\/wp\/v2\/pages\/179\/revisions\/1406"}],"wp:attachment":[{"href":"https:\/\/www.omakuulo.fi\/index.php\/wp-json\/wp\/v2\/media?parent=179"}],"curies":[{"name":"wp","href":"https:\/\/api.w.org\/{rel}","templated":true}]}}