{"id":1976,"date":"2026-01-02T14:33:57","date_gmt":"2026-01-02T12:33:57","guid":{"rendered":"https:\/\/www.omakuulo.fi\/?page_id=1976"},"modified":"2026-01-03T17:36:31","modified_gmt":"2026-01-03T15:36:31","slug":"rokotukset","status":"publish","type":"page","link":"https:\/\/www.omakuulo.fi\/index.php\/rokotukset\/","title":{"rendered":"Rokotukset"},"content":{"rendered":"\t\t<div data-elementor-type=\"wp-page\" data-elementor-id=\"1976\" class=\"elementor elementor-1976\" data-elementor-post-type=\"page\">\n\t\t\t\t\t\t<section class=\"elementor-section elementor-top-section elementor-element elementor-element-f770a3e elementor-section-boxed elementor-section-height-default elementor-section-height-default\" data-id=\"f770a3e\" data-element_type=\"section\">\n\t\t\t\t\t\t<div class=\"elementor-container elementor-column-gap-default\">\n\t\t\t\t\t<div class=\"elementor-column elementor-col-100 elementor-top-column elementor-element elementor-element-32389d9\" data-id=\"32389d9\" data-element_type=\"column\">\n\t\t\t<div class=\"elementor-widget-wrap\">\n\t\t\t\t\t\t\t<\/div>\n\t\t<\/div>\n\t\t\t\t\t<\/div>\n\t\t<\/section>\n\t\t\t\t<section class=\"elementor-section elementor-top-section elementor-element elementor-element-1ae1423 elementor-section-boxed elementor-section-height-default elementor-section-height-default\" data-id=\"1ae1423\" data-element_type=\"section\">\n\t\t\t\t\t\t<div class=\"elementor-container elementor-column-gap-default\">\n\t\t\t\t\t<div class=\"elementor-column elementor-col-100 elementor-top-column elementor-element elementor-element-6ac151e\" data-id=\"6ac151e\" data-element_type=\"column\">\n\t\t\t<div class=\"elementor-widget-wrap elementor-element-populated\">\n\t\t\t\t\t\t<div class=\"elementor-element elementor-element-2fc025b elementor-widget elementor-widget-heading\" data-id=\"2fc025b\" data-element_type=\"widget\" data-widget_type=\"heading.default\">\n\t\t\t\t<div class=\"elementor-widget-container\">\n\t\t\t\t\t<h2 class=\"elementor-heading-title elementor-size-default\">ROKOTUSPALVELU<\/h2>\t\t\t\t<\/div>\n\t\t\t\t<\/div>\n\t\t\t\t<div class=\"elementor-element elementor-element-d192b6c elementor-widget elementor-widget-text-editor\" data-id=\"d192b6c\" data-element_type=\"widget\" data-widget_type=\"text-editor.default\">\n\t\t\t\t<div class=\"elementor-widget-container\">\n\t\t\t\t\t\t\t\t\t<p>Meilt\u00e4 saa ilman resepti\u00e4 kaikki yleisimm\u00e4t rokotteet. Voimme antaa my\u00f6s oman rokotteesi, mik\u00e4li olet sellaisen jo hakenu apteekista. T\u00e4ll\u00f6in maksat ainoastaan rokotteen antamisesta.<\/p><p>Ota rokotukseen mukaan kuvallinen henkil\u00f6llisyystodistus tai kela-kortti. Rokotus annetaan olkalihakseen. Ensimm\u00e4ist\u00e4 kertaa tietty\u00e4 rokotusta ottaessa on hyv\u00e4 j\u00e4\u00e4d\u00e4 rokotuspisteen l\u00e4hist\u00f6\u00f6n k\u00e4velymatkan et\u00e4isyydelle noin 15 minuutin ajaksi mahdollisen allergisen reaktion vuoksi.<\/p>\t\t\t\t\t\t\t\t<\/div>\n\t\t\t\t<\/div>\n\t\t\t\t\t<\/div>\n\t\t<\/div>\n\t\t\t\t\t<\/div>\n\t\t<\/section>\n\t\t\t\t<section class=\"elementor-section elementor-top-section elementor-element elementor-element-0fc4d34 elementor-section-boxed elementor-section-height-default elementor-section-height-default\" data-id=\"0fc4d34\" data-element_type=\"section\" data-settings=\"{&quot;background_background&quot;:&quot;classic&quot;}\">\n\t\t\t\t\t\t<div class=\"elementor-container elementor-column-gap-default\">\n\t\t\t\t\t<div class=\"elementor-column elementor-col-50 elementor-top-column elementor-element elementor-element-45c1c78\" data-id=\"45c1c78\" data-element_type=\"column\">\n\t\t\t<div class=\"elementor-widget-wrap elementor-element-populated\">\n\t\t\t\t\t\t<div class=\"elementor-element elementor-element-70bc6fc elementor-widget elementor-widget-heading\" data-id=\"70bc6fc\" data-element_type=\"widget\" data-widget_type=\"heading.default\">\n\t\t\t\t<div class=\"elementor-widget-container\">\n\t\t\t\t\t<h2 class=\"elementor-heading-title elementor-size-default\">PUNKKIROKOTUS<\/h2>\t\t\t\t<\/div>\n\t\t\t\t<\/div>\n\t\t\t\t<div class=\"elementor-element elementor-element-ede6d01 elementor-widget__width-initial elementor-widget elementor-widget-text-editor\" data-id=\"ede6d01\" data-element_type=\"widget\" data-widget_type=\"text-editor.default\">\n\t\t\t\t<div class=\"elementor-widget-container\">\n\t\t\t\t\t\t\t\t\t<p>Puutiaisaivokuumerokote eli tuttavallisemmin punkkirokote antaa suojan punkkien v\u00e4litt\u00e4m\u00e4lt\u00e4 puutiaisaivokuumeelta (TBE). Punkkirokotetta suositellaan eirtyisesti rannikkoalueilla, kuten Kotkassa.\u00a0<\/p>\t\t\t\t\t\t\t\t<\/div>\n\t\t\t\t<\/div>\n\t\t\t\t<section class=\"elementor-section elementor-inner-section elementor-element elementor-element-d7ce589 elementor-section-boxed elementor-section-height-default elementor-section-height-default\" data-id=\"d7ce589\" data-element_type=\"section\">\n\t\t\t\t\t\t<div class=\"elementor-container elementor-column-gap-default\">\n\t\t\t\t\t<div class=\"elementor-column elementor-col-50 elementor-inner-column elementor-element elementor-element-318eb85\" data-id=\"318eb85\" data-element_type=\"column\">\n\t\t\t<div class=\"elementor-widget-wrap elementor-element-populated\">\n\t\t\t\t\t\t<div class=\"elementor-element elementor-element-0918fdb elementor-widget elementor-widget-button\" data-id=\"0918fdb\" data-element_type=\"widget\" data-widget_type=\"button.default\">\n\t\t\t\t<div class=\"elementor-widget-container\">\n\t\t\t\t\t\t\t\t\t<div class=\"elementor-button-wrapper\">\n\t\t\t\t\t<a class=\"elementor-button elementor-button-link elementor-size-sm\" href=\"https:\/\/nettivaraus6.ajas.fi\/fi\/eb6e6d1e1976\">\n\t\t\t\t\t\t<span class=\"elementor-button-content-wrapper\">\n\t\t\t\t\t\t\t\t\t<span class=\"elementor-button-text\">VARAA AIKA<\/span>\n\t\t\t\t\t<\/span>\n\t\t\t\t\t<\/a>\n\t\t\t\t<\/div>\n\t\t\t\t\t\t\t\t<\/div>\n\t\t\t\t<\/div>\n\t\t\t\t\t<\/div>\n\t\t<\/div>\n\t\t\t\t<div class=\"elementor-column elementor-col-50 elementor-inner-column elementor-element elementor-element-c7de471\" data-id=\"c7de471\" data-element_type=\"column\">\n\t\t\t<div class=\"elementor-widget-wrap elementor-element-populated\">\n\t\t\t\t\t\t<div class=\"elementor-element elementor-element-eec07dc elementor-widget elementor-widget-heading\" data-id=\"eec07dc\" data-element_type=\"widget\" data-widget_type=\"heading.default\">\n\t\t\t\t<div class=\"elementor-widget-container\">\n\t\t\t\t\t<h2 class=\"elementor-heading-title elementor-size-default\">59\u20ac<\/h2>\t\t\t\t<\/div>\n\t\t\t\t<\/div>\n\t\t\t\t\t<\/div>\n\t\t<\/div>\n\t\t\t\t\t<\/div>\n\t\t<\/section>\n\t\t\t\t\t<\/div>\n\t\t<\/div>\n\t\t\t\t<div class=\"elementor-column elementor-col-50 elementor-top-column elementor-element elementor-element-ab42732\" data-id=\"ab42732\" data-element_type=\"column\">\n\t\t\t<div class=\"elementor-widget-wrap elementor-element-populated\">\n\t\t\t\t\t\t<div class=\"elementor-element elementor-element-a7790e9 elementor-widget elementor-widget-heading\" data-id=\"a7790e9\" data-element_type=\"widget\" data-widget_type=\"heading.default\">\n\t\t\t\t<div class=\"elementor-widget-container\">\n\t\t\t\t\t<h2 class=\"elementor-heading-title elementor-size-default\">INFLUENSSAROKOTUS<\/h2>\t\t\t\t<\/div>\n\t\t\t\t<\/div>\n\t\t\t\t<div class=\"elementor-element elementor-element-efa2647 elementor-widget__width-initial elementor-widget elementor-widget-text-editor\" data-id=\"efa2647\" data-element_type=\"widget\" data-widget_type=\"text-editor.default\">\n\t\t\t\t<div class=\"elementor-widget-container\">\n\t\t\t\t\t\t\t\t\tNoin joka kymmenes aikuinen sairastuu influenssaan joka vuosi. Influenssarokotuksella suojaudut tehokkaimmin kausi-influenssaa vastaan. influenssa on rankka tauti, joka nostaa usein kovan kuumeen sek\u00e4 aiheuttaa j\u00e4lkitauteja.\t\t\t\t\t\t\t\t<\/div>\n\t\t\t\t<\/div>\n\t\t\t\t<section class=\"elementor-section elementor-inner-section elementor-element elementor-element-ed0f325 elementor-section-boxed elementor-section-height-default elementor-section-height-default\" data-id=\"ed0f325\" data-element_type=\"section\">\n\t\t\t\t\t\t<div class=\"elementor-container elementor-column-gap-default\">\n\t\t\t\t\t<div class=\"elementor-column elementor-col-50 elementor-inner-column elementor-element elementor-element-f10faf4\" data-id=\"f10faf4\" data-element_type=\"column\">\n\t\t\t<div class=\"elementor-widget-wrap elementor-element-populated\">\n\t\t\t\t\t\t<div class=\"elementor-element elementor-element-ca5733a elementor-widget elementor-widget-button\" data-id=\"ca5733a\" data-element_type=\"widget\" data-widget_type=\"button.default\">\n\t\t\t\t<div class=\"elementor-widget-container\">\n\t\t\t\t\t\t\t\t\t<div class=\"elementor-button-wrapper\">\n\t\t\t\t\t<a class=\"elementor-button elementor-button-link elementor-size-sm\" href=\"https:\/\/nettivaraus6.ajas.fi\/fi\/eb6e6d1e1976\">\n\t\t\t\t\t\t<span class=\"elementor-button-content-wrapper\">\n\t\t\t\t\t\t\t\t\t<span class=\"elementor-button-text\">VARAA AIKA<\/span>\n\t\t\t\t\t<\/span>\n\t\t\t\t\t<\/a>\n\t\t\t\t<\/div>\n\t\t\t\t\t\t\t\t<\/div>\n\t\t\t\t<\/div>\n\t\t\t\t\t<\/div>\n\t\t<\/div>\n\t\t\t\t<div class=\"elementor-column elementor-col-50 elementor-inner-column elementor-element elementor-element-6dfa14e\" data-id=\"6dfa14e\" data-element_type=\"column\">\n\t\t\t<div class=\"elementor-widget-wrap elementor-element-populated\">\n\t\t\t\t\t\t<div class=\"elementor-element elementor-element-e22aff4 elementor-widget elementor-widget-heading\" data-id=\"e22aff4\" data-element_type=\"widget\" data-widget_type=\"heading.default\">\n\t\t\t\t<div class=\"elementor-widget-container\">\n\t\t\t\t\t<h2 class=\"elementor-heading-title elementor-size-default\">49\u20ac<\/h2>\t\t\t\t<\/div>\n\t\t\t\t<\/div>\n\t\t\t\t\t<\/div>\n\t\t<\/div>\n\t\t\t\t\t<\/div>\n\t\t<\/section>\n\t\t\t\t\t<\/div>\n\t\t<\/div>\n\t\t\t\t\t<\/div>\n\t\t<\/section>\n\t\t\t\t<section class=\"elementor-section elementor-top-section elementor-element elementor-element-68bca1b elementor-section-boxed elementor-section-height-default elementor-section-height-default\" data-id=\"68bca1b\" data-element_type=\"section\">\n\t\t\t\t\t\t<div class=\"elementor-container elementor-column-gap-default\">\n\t\t\t\t\t<div class=\"elementor-column elementor-col-100 elementor-top-column elementor-element elementor-element-0c75b7d\" data-id=\"0c75b7d\" data-element_type=\"column\">\n\t\t\t<div class=\"elementor-widget-wrap elementor-element-populated\">\n\t\t\t\t\t\t<div class=\"elementor-element elementor-element-6e9ac67 elementor-widget elementor-widget-heading\" data-id=\"6e9ac67\" data-element_type=\"widget\" data-widget_type=\"heading.default\">\n\t\t\t\t<div class=\"elementor-widget-container\">\n\t\t\t\t\t<h2 class=\"elementor-heading-title elementor-size-default\">MY\u00d6S MUITA ROKOTUKSIA. OTA YHTEYTT\u00c4.<\/h2>\t\t\t\t<\/div>\n\t\t\t\t<\/div>\n\t\t\t\t\t<\/div>\n\t\t<\/div>\n\t\t\t\t\t<\/div>\n\t\t<\/section>\n\t\t\t\t<\/div>\n\t\t","protected":false},"excerpt":{"rendered":"<p>ROKOTUSPALVELU Meilt\u00e4 saa ilman resepti\u00e4 kaikki yleisimm\u00e4t rokotteet. Voimme antaa my\u00f6s oman rokotteesi, mik\u00e4li olet sellaisen jo hakenu apteekista. T\u00e4ll\u00f6in maksat ainoastaan rokotteen antamisesta. Ota rokotukseen mukaan kuvallinen henkil\u00f6llisyystodistus tai &hellip; <\/p>\n<p class=\"link-more\"><a href=\"https:\/\/www.omakuulo.fi\/index.php\/rokotukset\/\" class=\"more-link\">Jatka lukemista<span class=\"screen-reader-text\"> &#8221;Rokotukset&#8221;<\/span><\/a><\/p>\n","protected":false},"author":1,"featured_media":0,"parent":0,"menu_order":0,"comment_status":"closed","ping_status":"closed","template":"elementor_header_footer","meta":{"footnotes":""},"class_list":["post-1976","page","type-page","status-publish","hentry"],"_links":{"self":[{"href":"https:\/\/www.omakuulo.fi\/index.php\/wp-json\/wp\/v2\/pages\/1976","targetHints":{"allow":["GET"]}}],"collection":[{"href":"https:\/\/www.omakuulo.fi\/index.php\/wp-json\/wp\/v2\/pages"}],"about":[{"href":"https:\/\/www.omakuulo.fi\/index.php\/wp-json\/wp\/v2\/types\/page"}],"author":[{"embeddable":true,"href":"https:\/\/www.omakuulo.fi\/index.php\/wp-json\/wp\/v2\/users\/1"}],"replies":[{"embeddable":true,"href":"https:\/\/www.omakuulo.fi\/index.php\/wp-json\/wp\/v2\/comments?post=1976"}],"version-history":[{"count":19,"href":"https:\/\/www.omakuulo.fi\/index.php\/wp-json\/wp\/v2\/pages\/1976\/revisions"}],"predecessor-version":[{"id":2009,"href":"https:\/\/www.omakuulo.fi\/index.php\/wp-json\/wp\/v2\/pages\/1976\/revisions\/2009"}],"wp:attachment":[{"href":"https:\/\/www.omakuulo.fi\/index.php\/wp-json\/wp\/v2\/media?parent=1976"}],"curies":[{"name":"wp","href":"https:\/\/api.w.org\/{rel}","templated":true}]}}