{"id":2028,"date":"2026-02-16T16:00:24","date_gmt":"2026-02-16T14:00:24","guid":{"rendered":"https:\/\/www.omakuulo.fi\/?page_id=2028"},"modified":"2026-02-16T16:04:20","modified_gmt":"2026-02-16T14:04:20","slug":"hearos-33","status":"publish","type":"page","link":"https:\/\/www.omakuulo.fi\/index.php\/hearos-33\/","title":{"rendered":"Hearos 33"},"content":{"rendered":"\t\t<div data-elementor-type=\"wp-page\" data-elementor-id=\"2028\" class=\"elementor elementor-2028\" data-elementor-post-type=\"page\">\n\t\t\t\t\t\t<section class=\"elementor-section elementor-top-section elementor-element elementor-element-0f960c9 elementor-section-boxed elementor-section-height-default elementor-section-height-default\" data-id=\"0f960c9\" data-element_type=\"section\">\n\t\t\t\t\t\t<div class=\"elementor-container elementor-column-gap-default\">\n\t\t\t\t\t<div class=\"elementor-column elementor-col-100 elementor-top-column elementor-element elementor-element-da2cc7b\" data-id=\"da2cc7b\" data-element_type=\"column\">\n\t\t\t<div class=\"elementor-widget-wrap elementor-element-populated\">\n\t\t\t\t\t\t<div class=\"elementor-element elementor-element-18dcbac elementor-widget elementor-widget-heading\" data-id=\"18dcbac\" data-element_type=\"widget\" data-widget_type=\"heading.default\">\n\t\t\t\t<div class=\"elementor-widget-container\">\n\t\t\t\t\t<h2 class=\"elementor-heading-title elementor-size-default\">HEAROS 33 KORVAMONITORIT<\/h2>\t\t\t\t<\/div>\n\t\t\t\t<\/div>\n\t\t\t\t\t<\/div>\n\t\t<\/div>\n\t\t\t\t\t<\/div>\n\t\t<\/section>\n\t\t\t\t<section class=\"elementor-section elementor-top-section elementor-element elementor-element-e0e749b elementor-section-boxed elementor-section-height-default elementor-section-height-default\" data-id=\"e0e749b\" data-element_type=\"section\">\n\t\t\t\t\t\t<div class=\"elementor-container elementor-column-gap-default\">\n\t\t\t\t\t<div class=\"elementor-column elementor-col-100 elementor-top-column elementor-element elementor-element-87b8b31\" data-id=\"87b8b31\" data-element_type=\"column\">\n\t\t\t<div class=\"elementor-widget-wrap elementor-element-populated\">\n\t\t\t\t\t\t<section class=\"elementor-section elementor-inner-section elementor-element elementor-element-c116e8b elementor-section-boxed elementor-section-height-default elementor-section-height-default\" data-id=\"c116e8b\" data-element_type=\"section\">\n\t\t\t\t\t\t<div class=\"elementor-container elementor-column-gap-default\">\n\t\t\t\t\t<div class=\"elementor-column elementor-col-50 elementor-inner-column elementor-element elementor-element-2efe468\" data-id=\"2efe468\" data-element_type=\"column\">\n\t\t\t<div class=\"elementor-widget-wrap elementor-element-populated\">\n\t\t\t\t\t\t<div class=\"elementor-element elementor-element-d4d0e49 elementor-widget elementor-widget-image\" data-id=\"d4d0e49\" data-element_type=\"widget\" data-widget_type=\"image.default\">\n\t\t\t\t<div class=\"elementor-widget-container\">\n\t\t\t\t\t\t\t\t\t\t\t\t\t\t\t<img fetchpriority=\"high\" decoding=\"async\" width=\"1536\" height=\"864\" src=\"https:\/\/www.omakuulo.fi\/wp-content\/uploads\/2026\/02\/33_3D_White-1536x864.png\" class=\"attachment-1536x1536 size-1536x1536 wp-image-2031\" alt=\"\" srcset=\"https:\/\/www.omakuulo.fi\/wp-content\/uploads\/2026\/02\/33_3D_White-1536x864.png 1536w, https:\/\/www.omakuulo.fi\/wp-content\/uploads\/2026\/02\/33_3D_White-300x169.png 300w, https:\/\/www.omakuulo.fi\/wp-content\/uploads\/2026\/02\/33_3D_White-1024x576.png 1024w, https:\/\/www.omakuulo.fi\/wp-content\/uploads\/2026\/02\/33_3D_White-768x432.png 768w, https:\/\/www.omakuulo.fi\/wp-content\/uploads\/2026\/02\/33_3D_White-2048x1152.png 2048w\" sizes=\"100vw\" \/>\t\t\t\t\t\t\t\t\t\t\t\t\t\t\t<\/div>\n\t\t\t\t<\/div>\n\t\t\t\t<div class=\"elementor-element elementor-element-e99f454 elementor-widget elementor-widget-heading\" data-id=\"e99f454\" data-element_type=\"widget\" data-widget_type=\"heading.default\">\n\t\t\t\t<div class=\"elementor-widget-container\">\n\t\t\t\t\t<h2 class=\"elementor-heading-title elementor-size-default\">HINTA 1255\u20ac<\/h2>\t\t\t\t<\/div>\n\t\t\t\t<\/div>\n\t\t\t\t\t<\/div>\n\t\t<\/div>\n\t\t\t\t<div class=\"elementor-column elementor-col-50 elementor-inner-column elementor-element elementor-element-0685548\" data-id=\"0685548\" data-element_type=\"column\">\n\t\t\t<div class=\"elementor-widget-wrap elementor-element-populated\">\n\t\t\t\t\t\t<div class=\"elementor-element elementor-element-77041f4 elementor-widget elementor-widget-image\" data-id=\"77041f4\" data-element_type=\"widget\" data-widget_type=\"image.default\">\n\t\t\t\t<div class=\"elementor-widget-container\">\n\t\t\t\t\t\t\t\t\t\t\t\t\t\t\t<img decoding=\"async\" width=\"525\" height=\"525\" src=\"https:\/\/www.omakuulo.fi\/wp-content\/uploads\/2026\/02\/social_hearos_33-1024x1024.png\" class=\"attachment-large size-large wp-image-2030\" alt=\"\" srcset=\"https:\/\/www.omakuulo.fi\/wp-content\/uploads\/2026\/02\/social_hearos_33-1024x1024.png 1024w, https:\/\/www.omakuulo.fi\/wp-content\/uploads\/2026\/02\/social_hearos_33-300x300.png 300w, https:\/\/www.omakuulo.fi\/wp-content\/uploads\/2026\/02\/social_hearos_33-150x150.png 150w, https:\/\/www.omakuulo.fi\/wp-content\/uploads\/2026\/02\/social_hearos_33-768x768.png 768w, https:\/\/www.omakuulo.fi\/wp-content\/uploads\/2026\/02\/social_hearos_33-1536x1536.png 1536w, https:\/\/www.omakuulo.fi\/wp-content\/uploads\/2026\/02\/social_hearos_33-2048x2048.png 2048w, https:\/\/www.omakuulo.fi\/wp-content\/uploads\/2026\/02\/social_hearos_33-100x100.png 100w\" sizes=\"100vw\" \/>\t\t\t\t\t\t\t\t\t\t\t\t\t\t\t<\/div>\n\t\t\t\t<\/div>\n\t\t\t\t\t<\/div>\n\t\t<\/div>\n\t\t\t\t\t<\/div>\n\t\t<\/section>\n\t\t\t\t\t<\/div>\n\t\t<\/div>\n\t\t\t\t\t<\/div>\n\t\t<\/section>\n\t\t\t\t<section class=\"elementor-section elementor-top-section elementor-element elementor-element-1ce1ece elementor-section-boxed elementor-section-height-default elementor-section-height-default\" data-id=\"1ce1ece\" data-element_type=\"section\">\n\t\t\t\t\t\t<div class=\"elementor-container elementor-column-gap-default\">\n\t\t\t\t\t<div class=\"elementor-column elementor-col-100 elementor-top-column elementor-element elementor-element-2ce3777\" data-id=\"2ce3777\" data-element_type=\"column\">\n\t\t\t<div class=\"elementor-widget-wrap elementor-element-populated\">\n\t\t\t\t\t\t<div class=\"elementor-element elementor-element-7bab2b6 elementor-widget elementor-widget-text-editor\" data-id=\"7bab2b6\" data-element_type=\"widget\" data-widget_type=\"text-editor.default\">\n\t\t\t\t<div class=\"elementor-widget-container\">\n\t\t\t\t\t\t\t\t\t<h2>KUVAUS<\/h2><p>Yksil\u00f6lliset Hearos korvamonitorit tarjoavat vertaansa vailla olevan kuuntelukokemuksen. Eloisa \u00e4\u00e4nimaailma yhdistyy tasaiseen taajuusvasteeseen, joka tuo esiin musiikin jokaisen vivahteen ilman keinotekoista v\u00e4ri\u00e4.<\/p><p>Yksil\u00f6llinen muotoilu takaa maksimaalisen k\u00e4ytt\u00f6mukavuuden. kuulokkeet pysyv\u00e4t tiiviisti paikoillaan ja tuntuvat mukavilta my\u00f6s pitkien kuuntelusessioiden ajan.<\/p><p>Hearos korvamonitoreista saa helposti oman n\u00e4k\u00f6isens\u00e4 valitsemalla lukuisista v\u00e4rivaihtoehdoista mieleisens\u00e4 yhdistelm\u00e4n. Johdotuksen voi valita kahdesta vaihtoehdosta: kirkas tai musta. Kuulokkeiden n\u00e4kyv\u00e4 faceplate -osa on mahdollista personoida omalla laserkaiverruksella, esim. logolla. Kuulokkeiden rungon materiaaliksi on valittavana kaksi materiaalia: klassinen akryyli, tai Thermo-Flex, joka pehmenee ihon l\u00e4mm\u00f6st\u00e4.<\/p><p>Tekniset tiedot:<br \/>\u2022 Kuuloke-elementtien m\u00e4\u00e4r\u00e4 3 \/ kolmitiej\u00e4rjestelm\u00e4<br \/>\u2022 Taajuusalue: 20 Hz \u2013 20 kHz<br \/>\u2022 Impedanssi: 21 Ohmia<br \/>\u2022 Melueristys: jopa 30 dB<\/p><p>Yksil\u00f6llinen kaiverrus, esim. logo: +155,00\u20ac<br \/>Runko-osa joustavaa Thermo-Flex-materiaalia: +155,00\u20ac<\/p>\t\t\t\t\t\t\t\t<\/div>\n\t\t\t\t<\/div>\n\t\t\t\t\t<\/div>\n\t\t<\/div>\n\t\t\t\t\t<\/div>\n\t\t<\/section>\n\t\t\t\t<section class=\"elementor-section elementor-top-section elementor-element elementor-element-3fb4909 elementor-section-boxed elementor-section-height-default elementor-section-height-default\" data-id=\"3fb4909\" data-element_type=\"section\">\n\t\t\t\t\t\t<div class=\"elementor-container elementor-column-gap-default\">\n\t\t\t\t\t<div class=\"elementor-column elementor-col-100 elementor-top-column elementor-element elementor-element-e91ab5f\" data-id=\"e91ab5f\" data-element_type=\"column\">\n\t\t\t<div class=\"elementor-widget-wrap elementor-element-populated\">\n\t\t\t\t\t\t<div class=\"elementor-element elementor-element-6be3ca6 elementor-align-center elementor-widget elementor-widget-button\" data-id=\"6be3ca6\" data-element_type=\"widget\" data-widget_type=\"button.default\">\n\t\t\t\t<div class=\"elementor-widget-container\">\n\t\t\t\t\t\t\t\t\t<div class=\"elementor-button-wrapper\">\n\t\t\t\t\t<a class=\"elementor-button elementor-button-link elementor-size-lg\" href=\"https:\/\/www.bachmaier.de\/en\/hearos33\">\n\t\t\t\t\t\t<span class=\"elementor-button-content-wrapper\">\n\t\t\t\t\t\t\t\t\t<span class=\"elementor-button-text\">LIS\u00c4TIETOA VALMISTAJAN SIVUILLA<\/span>\n\t\t\t\t\t<\/span>\n\t\t\t\t\t<\/a>\n\t\t\t\t<\/div>\n\t\t\t\t\t\t\t\t<\/div>\n\t\t\t\t<\/div>\n\t\t\t\t\t<\/div>\n\t\t<\/div>\n\t\t\t\t\t<\/div>\n\t\t<\/section>\n\t\t\t\t<\/div>\n\t\t","protected":false},"excerpt":{"rendered":"<p>HEAROS 33 KORVAMONITORIT HINTA 1255\u20ac KUVAUS Yksil\u00f6lliset Hearos korvamonitorit tarjoavat vertaansa vailla olevan kuuntelukokemuksen. Eloisa \u00e4\u00e4nimaailma yhdistyy tasaiseen taajuusvasteeseen, joka tuo esiin musiikin jokaisen vivahteen ilman keinotekoista v\u00e4ri\u00e4. Yksil\u00f6llinen muotoilu &hellip; <\/p>\n<p class=\"link-more\"><a href=\"https:\/\/www.omakuulo.fi\/index.php\/hearos-33\/\" class=\"more-link\">Jatka lukemista<span class=\"screen-reader-text\"> &#8221;Hearos 33&#8221;<\/span><\/a><\/p>\n","protected":false},"author":1,"featured_media":0,"parent":0,"menu_order":0,"comment_status":"closed","ping_status":"closed","template":"elementor_header_footer","meta":{"footnotes":""},"class_list":["post-2028","page","type-page","status-publish","hentry"],"_links":{"self":[{"href":"https:\/\/www.omakuulo.fi\/index.php\/wp-json\/wp\/v2\/pages\/2028","targetHints":{"allow":["GET"]}}],"collection":[{"href":"https:\/\/www.omakuulo.fi\/index.php\/wp-json\/wp\/v2\/pages"}],"about":[{"href":"https:\/\/www.omakuulo.fi\/index.php\/wp-json\/wp\/v2\/types\/page"}],"author":[{"embeddable":true,"href":"https:\/\/www.omakuulo.fi\/index.php\/wp-json\/wp\/v2\/users\/1"}],"replies":[{"embeddable":true,"href":"https:\/\/www.omakuulo.fi\/index.php\/wp-json\/wp\/v2\/comments?post=2028"}],"version-history":[{"count":4,"href":"https:\/\/www.omakuulo.fi\/index.php\/wp-json\/wp\/v2\/pages\/2028\/revisions"}],"predecessor-version":[{"id":2034,"href":"https:\/\/www.omakuulo.fi\/index.php\/wp-json\/wp\/v2\/pages\/2028\/revisions\/2034"}],"wp:attachment":[{"href":"https:\/\/www.omakuulo.fi\/index.php\/wp-json\/wp\/v2\/media?parent=2028"}],"curies":[{"name":"wp","href":"https:\/\/api.w.org\/{rel}","templated":true}]}}