{"id":2044,"date":"2026-02-16T16:12:19","date_gmt":"2026-02-16T14:12:19","guid":{"rendered":"https:\/\/www.omakuulo.fi\/?page_id=2044"},"modified":"2026-02-16T16:15:57","modified_gmt":"2026-02-16T14:15:57","slug":"hearos-22mini","status":"publish","type":"page","link":"https:\/\/www.omakuulo.fi\/index.php\/hearos-22mini\/","title":{"rendered":"Hearos 22mini"},"content":{"rendered":"\t\t<div data-elementor-type=\"wp-page\" data-elementor-id=\"2044\" class=\"elementor elementor-2044\" data-elementor-post-type=\"page\">\n\t\t\t\t\t\t<section class=\"elementor-section elementor-top-section elementor-element elementor-element-00ff13e elementor-section-boxed elementor-section-height-default elementor-section-height-default\" data-id=\"00ff13e\" data-element_type=\"section\">\n\t\t\t\t\t\t<div class=\"elementor-container elementor-column-gap-default\">\n\t\t\t\t\t<div class=\"elementor-column elementor-col-100 elementor-top-column elementor-element elementor-element-2f6bb24\" data-id=\"2f6bb24\" data-element_type=\"column\">\n\t\t\t<div class=\"elementor-widget-wrap elementor-element-populated\">\n\t\t\t\t\t\t<div class=\"elementor-element elementor-element-372054a elementor-widget elementor-widget-heading\" data-id=\"372054a\" data-element_type=\"widget\" data-widget_type=\"heading.default\">\n\t\t\t\t<div class=\"elementor-widget-container\">\n\t\t\t\t\t<h2 class=\"elementor-heading-title elementor-size-default\">HEAROS 22 mini KORVAMONITORIT<\/h2>\t\t\t\t<\/div>\n\t\t\t\t<\/div>\n\t\t\t\t\t<\/div>\n\t\t<\/div>\n\t\t\t\t\t<\/div>\n\t\t<\/section>\n\t\t\t\t<section class=\"elementor-section elementor-top-section elementor-element elementor-element-651179d elementor-section-boxed elementor-section-height-default elementor-section-height-default\" data-id=\"651179d\" data-element_type=\"section\">\n\t\t\t\t\t\t<div class=\"elementor-container elementor-column-gap-default\">\n\t\t\t\t\t<div class=\"elementor-column elementor-col-100 elementor-top-column elementor-element elementor-element-d7a90ee\" data-id=\"d7a90ee\" data-element_type=\"column\">\n\t\t\t<div class=\"elementor-widget-wrap elementor-element-populated\">\n\t\t\t\t\t\t<section class=\"elementor-section elementor-inner-section elementor-element elementor-element-8408b10 elementor-section-boxed elementor-section-height-default elementor-section-height-default\" data-id=\"8408b10\" data-element_type=\"section\">\n\t\t\t\t\t\t<div class=\"elementor-container elementor-column-gap-default\">\n\t\t\t\t\t<div class=\"elementor-column elementor-col-50 elementor-inner-column elementor-element elementor-element-2285b10\" data-id=\"2285b10\" data-element_type=\"column\">\n\t\t\t<div class=\"elementor-widget-wrap elementor-element-populated\">\n\t\t\t\t\t\t<div class=\"elementor-element elementor-element-1805afe elementor-widget elementor-widget-image\" data-id=\"1805afe\" data-element_type=\"widget\" data-widget_type=\"image.default\">\n\t\t\t\t<div class=\"elementor-widget-container\">\n\t\t\t\t\t\t\t\t\t\t\t\t\t\t\t<img fetchpriority=\"high\" decoding=\"async\" width=\"1536\" height=\"864\" src=\"https:\/\/www.omakuulo.fi\/wp-content\/uploads\/2026\/02\/22mini_3D-1536x864.png\" class=\"attachment-1536x1536 size-1536x1536 wp-image-2046\" alt=\"\" srcset=\"https:\/\/www.omakuulo.fi\/wp-content\/uploads\/2026\/02\/22mini_3D-1536x864.png 1536w, https:\/\/www.omakuulo.fi\/wp-content\/uploads\/2026\/02\/22mini_3D-300x169.png 300w, https:\/\/www.omakuulo.fi\/wp-content\/uploads\/2026\/02\/22mini_3D-1024x576.png 1024w, https:\/\/www.omakuulo.fi\/wp-content\/uploads\/2026\/02\/22mini_3D-768x432.png 768w, https:\/\/www.omakuulo.fi\/wp-content\/uploads\/2026\/02\/22mini_3D-2048x1152.png 2048w\" sizes=\"100vw\" \/>\t\t\t\t\t\t\t\t\t\t\t\t\t\t\t<\/div>\n\t\t\t\t<\/div>\n\t\t\t\t<div class=\"elementor-element elementor-element-71f73fe elementor-widget elementor-widget-heading\" data-id=\"71f73fe\" data-element_type=\"widget\" data-widget_type=\"heading.default\">\n\t\t\t\t<div class=\"elementor-widget-container\">\n\t\t\t\t\t<h2 class=\"elementor-heading-title elementor-size-default\">HINTA 1095\u20ac<\/h2>\t\t\t\t<\/div>\n\t\t\t\t<\/div>\n\t\t\t\t\t<\/div>\n\t\t<\/div>\n\t\t\t\t<div class=\"elementor-column elementor-col-50 elementor-inner-column elementor-element elementor-element-4ad1a4a\" data-id=\"4ad1a4a\" data-element_type=\"column\">\n\t\t\t<div class=\"elementor-widget-wrap elementor-element-populated\">\n\t\t\t\t\t\t<div class=\"elementor-element elementor-element-c748222 elementor-widget elementor-widget-image\" data-id=\"c748222\" data-element_type=\"widget\" data-widget_type=\"image.default\">\n\t\t\t\t<div class=\"elementor-widget-container\">\n\t\t\t\t\t\t\t\t\t\t\t\t\t\t\t<img decoding=\"async\" width=\"525\" height=\"525\" src=\"https:\/\/www.omakuulo.fi\/wp-content\/uploads\/2026\/02\/social_hearos_22mini-1024x1024.png\" class=\"attachment-large size-large wp-image-2047\" alt=\"\" srcset=\"https:\/\/www.omakuulo.fi\/wp-content\/uploads\/2026\/02\/social_hearos_22mini-1024x1024.png 1024w, https:\/\/www.omakuulo.fi\/wp-content\/uploads\/2026\/02\/social_hearos_22mini-300x300.png 300w, https:\/\/www.omakuulo.fi\/wp-content\/uploads\/2026\/02\/social_hearos_22mini-150x150.png 150w, https:\/\/www.omakuulo.fi\/wp-content\/uploads\/2026\/02\/social_hearos_22mini-768x768.png 768w, https:\/\/www.omakuulo.fi\/wp-content\/uploads\/2026\/02\/social_hearos_22mini-1536x1536.png 1536w, https:\/\/www.omakuulo.fi\/wp-content\/uploads\/2026\/02\/social_hearos_22mini-2048x2048.png 2048w, https:\/\/www.omakuulo.fi\/wp-content\/uploads\/2026\/02\/social_hearos_22mini-100x100.png 100w\" sizes=\"100vw\" \/>\t\t\t\t\t\t\t\t\t\t\t\t\t\t\t<\/div>\n\t\t\t\t<\/div>\n\t\t\t\t\t<\/div>\n\t\t<\/div>\n\t\t\t\t\t<\/div>\n\t\t<\/section>\n\t\t\t\t\t<\/div>\n\t\t<\/div>\n\t\t\t\t\t<\/div>\n\t\t<\/section>\n\t\t\t\t<section class=\"elementor-section elementor-top-section elementor-element elementor-element-fb51a70 elementor-section-boxed elementor-section-height-default elementor-section-height-default\" data-id=\"fb51a70\" data-element_type=\"section\">\n\t\t\t\t\t\t<div class=\"elementor-container elementor-column-gap-default\">\n\t\t\t\t\t<div class=\"elementor-column elementor-col-100 elementor-top-column elementor-element elementor-element-8a93aed\" data-id=\"8a93aed\" data-element_type=\"column\">\n\t\t\t<div class=\"elementor-widget-wrap elementor-element-populated\">\n\t\t\t\t\t\t<div class=\"elementor-element elementor-element-13438d4 elementor-widget elementor-widget-text-editor\" data-id=\"13438d4\" data-element_type=\"widget\" data-widget_type=\"text-editor.default\">\n\t\t\t\t<div class=\"elementor-widget-container\">\n\t\t\t\t\t\t\t\t\t<h2>KUVAUS<\/h2><p>Yksil\u00f6lliset Hearos korvamonitorit tarjoavat vertaansa vailla olevan kuuntelukokemuksen. Eloisa \u00e4\u00e4nimaailma yhdistyy tasaiseen taajuusvasteeseen, joka tuo esiin musiikin jokaisen vivahteen ilman keinotekoista v\u00e4ri\u00e4.<\/p><p>Yksil\u00f6llinen muotoilu takaa maksimaalisen k\u00e4ytt\u00f6mukavuuden. kuulokkeet pysyv\u00e4t tiiviisti paikoillaan ja tuntuvat mukavilta my\u00f6s pitkien kuuntelusessioiden ajan.<\/p><p>Hearos korvamonitoreista saa helposti oman n\u00e4k\u00f6isens\u00e4 valitsemalla lukuisista v\u00e4rivaihtoehdoista mieleisens\u00e4 yhdistelm\u00e4n. Johdotuksen voi valita kahdesta vaihtoehdosta: kirkas tai musta. Kuulokkeiden n\u00e4kyv\u00e4 faceplate -osa on mahdollista personoida omalla laserkaiverruksella, esim. logolla. Kuulokkeiden rungon materiaaliksi on valittavana kaksi materiaalia: klassinen akryyli, tai Thermo-Flex, joka pehmenee ihon l\u00e4mm\u00f6st\u00e4.<\/p><p>Tekniset tiedot:<br \/>\u2022 Kuuloke-elementtien m\u00e4\u00e4r\u00e4 2 \/ kaksitiej\u00e4rjestelm\u00e4<br \/>\u2022 T\u00e4m\u00e4 malli on suunniteltu erityisesti pienikorvaisille<br \/>\u2022 Taajuusalue: 20 Hz \u2013 20 kHz<br \/>\u2022 Impedanssi: 28 Ohmia<br \/>\u2022 Melueristys: jopa 30 dB<\/p><p>Yksil\u00f6llinen kaiverrus, esim. logo: +155,00\u20ac<br \/>Runko-osa joustavaa Thermo-Flex-materiaalia: +155,00\u20ac<\/p>\t\t\t\t\t\t\t\t<\/div>\n\t\t\t\t<\/div>\n\t\t\t\t\t<\/div>\n\t\t<\/div>\n\t\t\t\t\t<\/div>\n\t\t<\/section>\n\t\t\t\t<section class=\"elementor-section elementor-top-section elementor-element elementor-element-2528451 elementor-section-boxed elementor-section-height-default elementor-section-height-default\" data-id=\"2528451\" data-element_type=\"section\">\n\t\t\t\t\t\t<div class=\"elementor-container elementor-column-gap-default\">\n\t\t\t\t\t<div class=\"elementor-column elementor-col-100 elementor-top-column elementor-element elementor-element-fd7aea9\" data-id=\"fd7aea9\" data-element_type=\"column\">\n\t\t\t<div class=\"elementor-widget-wrap elementor-element-populated\">\n\t\t\t\t\t\t<div class=\"elementor-element elementor-element-4f97633 elementor-align-center elementor-widget elementor-widget-button\" data-id=\"4f97633\" data-element_type=\"widget\" data-widget_type=\"button.default\">\n\t\t\t\t<div class=\"elementor-widget-container\">\n\t\t\t\t\t\t\t\t\t<div class=\"elementor-button-wrapper\">\n\t\t\t\t\t<a class=\"elementor-button elementor-button-link elementor-size-lg\" href=\"https:\/\/www.bachmaier.de\/en\/hearos22mini\">\n\t\t\t\t\t\t<span class=\"elementor-button-content-wrapper\">\n\t\t\t\t\t\t\t\t\t<span class=\"elementor-button-text\">LIS\u00c4TIETOA VALMISTAJAN SIVUILLA<\/span>\n\t\t\t\t\t<\/span>\n\t\t\t\t\t<\/a>\n\t\t\t\t<\/div>\n\t\t\t\t\t\t\t\t<\/div>\n\t\t\t\t<\/div>\n\t\t\t\t\t<\/div>\n\t\t<\/div>\n\t\t\t\t\t<\/div>\n\t\t<\/section>\n\t\t\t\t<\/div>\n\t\t","protected":false},"excerpt":{"rendered":"<p>HEAROS 22 mini KORVAMONITORIT HINTA 1095\u20ac KUVAUS Yksil\u00f6lliset Hearos korvamonitorit tarjoavat vertaansa vailla olevan kuuntelukokemuksen. Eloisa \u00e4\u00e4nimaailma yhdistyy tasaiseen taajuusvasteeseen, joka tuo esiin musiikin jokaisen vivahteen ilman keinotekoista v\u00e4ri\u00e4. Yksil\u00f6llinen &hellip; <\/p>\n<p class=\"link-more\"><a href=\"https:\/\/www.omakuulo.fi\/index.php\/hearos-22mini\/\" class=\"more-link\">Jatka lukemista<span class=\"screen-reader-text\"> &#8221;Hearos 22mini&#8221;<\/span><\/a><\/p>\n","protected":false},"author":1,"featured_media":0,"parent":0,"menu_order":0,"comment_status":"closed","ping_status":"closed","template":"elementor_header_footer","meta":{"footnotes":""},"class_list":["post-2044","page","type-page","status-publish","hentry"],"_links":{"self":[{"href":"https:\/\/www.omakuulo.fi\/index.php\/wp-json\/wp\/v2\/pages\/2044","targetHints":{"allow":["GET"]}}],"collection":[{"href":"https:\/\/www.omakuulo.fi\/index.php\/wp-json\/wp\/v2\/pages"}],"about":[{"href":"https:\/\/www.omakuulo.fi\/index.php\/wp-json\/wp\/v2\/types\/page"}],"author":[{"embeddable":true,"href":"https:\/\/www.omakuulo.fi\/index.php\/wp-json\/wp\/v2\/users\/1"}],"replies":[{"embeddable":true,"href":"https:\/\/www.omakuulo.fi\/index.php\/wp-json\/wp\/v2\/comments?post=2044"}],"version-history":[{"count":4,"href":"https:\/\/www.omakuulo.fi\/index.php\/wp-json\/wp\/v2\/pages\/2044\/revisions"}],"predecessor-version":[{"id":2050,"href":"https:\/\/www.omakuulo.fi\/index.php\/wp-json\/wp\/v2\/pages\/2044\/revisions\/2050"}],"wp:attachment":[{"href":"https:\/\/www.omakuulo.fi\/index.php\/wp-json\/wp\/v2\/media?parent=2044"}],"curies":[{"name":"wp","href":"https:\/\/api.w.org\/{rel}","templated":true}]}}