{"id":2052,"date":"2026-02-16T17:29:17","date_gmt":"2026-02-16T15:29:17","guid":{"rendered":"https:\/\/www.omakuulo.fi\/?page_id=2052"},"modified":"2026-02-17T15:25:27","modified_gmt":"2026-02-17T13:25:27","slug":"orelo-comm","status":"publish","type":"page","link":"https:\/\/www.omakuulo.fi\/index.php\/orelo-comm\/","title":{"rendered":"Orelo COMM"},"content":{"rendered":"\t\t<div data-elementor-type=\"wp-page\" data-elementor-id=\"2052\" class=\"elementor elementor-2052\" data-elementor-post-type=\"page\">\n\t\t\t\t\t\t<section class=\"elementor-section elementor-top-section elementor-element elementor-element-e15170b elementor-section-boxed elementor-section-height-default elementor-section-height-default\" data-id=\"e15170b\" data-element_type=\"section\">\n\t\t\t\t\t\t<div class=\"elementor-container elementor-column-gap-default\">\n\t\t\t\t\t<div class=\"elementor-column elementor-col-100 elementor-top-column elementor-element elementor-element-147e2cc\" data-id=\"147e2cc\" data-element_type=\"column\">\n\t\t\t<div class=\"elementor-widget-wrap elementor-element-populated\">\n\t\t\t\t\t\t<div class=\"elementor-element elementor-element-d03efbf elementor-widget elementor-widget-heading\" data-id=\"d03efbf\" data-element_type=\"widget\" data-widget_type=\"heading.default\">\n\t\t\t\t<div class=\"elementor-widget-container\">\n\t\t\t\t\t<h2 class=\"elementor-heading-title elementor-size-default\">ORELO COMM<\/h2>\t\t\t\t<\/div>\n\t\t\t\t<\/div>\n\t\t\t\t\t<\/div>\n\t\t<\/div>\n\t\t\t\t\t<\/div>\n\t\t<\/section>\n\t\t\t\t<section class=\"elementor-section elementor-top-section elementor-element elementor-element-98a65b6 elementor-section-boxed elementor-section-height-default elementor-section-height-default\" data-id=\"98a65b6\" data-element_type=\"section\">\n\t\t\t\t\t\t<div class=\"elementor-container elementor-column-gap-default\">\n\t\t\t\t\t<div class=\"elementor-column elementor-col-100 elementor-top-column elementor-element elementor-element-530f5f4\" data-id=\"530f5f4\" data-element_type=\"column\">\n\t\t\t<div class=\"elementor-widget-wrap elementor-element-populated\">\n\t\t\t\t\t\t<section class=\"elementor-section elementor-inner-section elementor-element elementor-element-5e5e581 elementor-section-boxed elementor-section-height-default elementor-section-height-default\" data-id=\"5e5e581\" data-element_type=\"section\">\n\t\t\t\t\t\t<div class=\"elementor-container elementor-column-gap-default\">\n\t\t\t\t\t<div class=\"elementor-column elementor-col-50 elementor-inner-column elementor-element elementor-element-a35164a\" data-id=\"a35164a\" data-element_type=\"column\">\n\t\t\t<div class=\"elementor-widget-wrap elementor-element-populated\">\n\t\t\t\t\t\t<div class=\"elementor-element elementor-element-4f1e6f3 elementor-widget elementor-widget-image\" data-id=\"4f1e6f3\" data-element_type=\"widget\" data-widget_type=\"image.default\">\n\t\t\t\t<div class=\"elementor-widget-container\">\n\t\t\t\t\t\t\t\t\t\t\t\t\t\t\t<img fetchpriority=\"high\" decoding=\"async\" width=\"1536\" height=\"1136\" src=\"https:\/\/www.omakuulo.fi\/wp-content\/uploads\/2026\/02\/bachmaier_comm_mix_logo-scaled-e1771255863761-1536x1136.jpg\" class=\"attachment-1536x1536 size-1536x1536 wp-image-2054\" alt=\"\" srcset=\"https:\/\/www.omakuulo.fi\/wp-content\/uploads\/2026\/02\/bachmaier_comm_mix_logo-scaled-e1771255863761-1536x1136.jpg 1536w, https:\/\/www.omakuulo.fi\/wp-content\/uploads\/2026\/02\/bachmaier_comm_mix_logo-scaled-e1771255863761-300x222.jpg 300w, https:\/\/www.omakuulo.fi\/wp-content\/uploads\/2026\/02\/bachmaier_comm_mix_logo-scaled-e1771255863761-1024x758.jpg 1024w, https:\/\/www.omakuulo.fi\/wp-content\/uploads\/2026\/02\/bachmaier_comm_mix_logo-scaled-e1771255863761-768x568.jpg 768w, https:\/\/www.omakuulo.fi\/wp-content\/uploads\/2026\/02\/bachmaier_comm_mix_logo-scaled-e1771255863761-2048x1515.jpg 2048w\" sizes=\"100vw\" \/>\t\t\t\t\t\t\t\t\t\t\t\t\t\t\t<\/div>\n\t\t\t\t<\/div>\n\t\t\t\t<div class=\"elementor-element elementor-element-f28d0e4 elementor-widget elementor-widget-heading\" data-id=\"f28d0e4\" data-element_type=\"widget\" data-widget_type=\"heading.default\">\n\t\t\t\t<div class=\"elementor-widget-container\">\n\t\t\t\t\t<h2 class=\"elementor-heading-title elementor-size-default\">HINTA<br>449\u20ac mono <br>629\u20ac Stereo<\/h2>\t\t\t\t<\/div>\n\t\t\t\t<\/div>\n\t\t\t\t\t<\/div>\n\t\t<\/div>\n\t\t\t\t<div class=\"elementor-column elementor-col-50 elementor-inner-column elementor-element elementor-element-037e009\" data-id=\"037e009\" data-element_type=\"column\">\n\t\t\t<div class=\"elementor-widget-wrap elementor-element-populated\">\n\t\t\t\t\t\t<div class=\"elementor-element elementor-element-e937fca elementor-widget elementor-widget-image\" data-id=\"e937fca\" data-element_type=\"widget\" data-widget_type=\"image.default\">\n\t\t\t\t<div class=\"elementor-widget-container\">\n\t\t\t\t\t\t\t\t\t\t\t\t\t\t\t<img decoding=\"async\" width=\"525\" height=\"349\" src=\"https:\/\/www.omakuulo.fi\/wp-content\/uploads\/2026\/02\/bachmaier_comm_Moderation1-1024x681.jpg\" class=\"attachment-large size-large wp-image-2055\" alt=\"\" srcset=\"https:\/\/www.omakuulo.fi\/wp-content\/uploads\/2026\/02\/bachmaier_comm_Moderation1-1024x681.jpg 1024w, https:\/\/www.omakuulo.fi\/wp-content\/uploads\/2026\/02\/bachmaier_comm_Moderation1-300x200.jpg 300w, https:\/\/www.omakuulo.fi\/wp-content\/uploads\/2026\/02\/bachmaier_comm_Moderation1-768x511.jpg 768w, https:\/\/www.omakuulo.fi\/wp-content\/uploads\/2026\/02\/bachmaier_comm_Moderation1-1536x1022.jpg 1536w, https:\/\/www.omakuulo.fi\/wp-content\/uploads\/2026\/02\/bachmaier_comm_Moderation1-2048x1362.jpg 2048w\" sizes=\"100vw\" \/>\t\t\t\t\t\t\t\t\t\t\t\t\t\t\t<\/div>\n\t\t\t\t<\/div>\n\t\t\t\t\t<\/div>\n\t\t<\/div>\n\t\t\t\t\t<\/div>\n\t\t<\/section>\n\t\t\t\t\t<\/div>\n\t\t<\/div>\n\t\t\t\t\t<\/div>\n\t\t<\/section>\n\t\t\t\t<section class=\"elementor-section elementor-top-section elementor-element elementor-element-d197004 elementor-section-boxed elementor-section-height-default elementor-section-height-default\" data-id=\"d197004\" data-element_type=\"section\">\n\t\t\t\t\t\t<div class=\"elementor-container elementor-column-gap-default\">\n\t\t\t\t\t<div class=\"elementor-column elementor-col-100 elementor-top-column elementor-element elementor-element-694c085\" data-id=\"694c085\" data-element_type=\"column\">\n\t\t\t<div class=\"elementor-widget-wrap elementor-element-populated\">\n\t\t\t\t\t\t<div class=\"elementor-element elementor-element-b6716ad elementor-widget elementor-widget-text-editor\" data-id=\"b6716ad\" data-element_type=\"widget\" data-widget_type=\"text-editor.default\">\n\t\t\t\t<div class=\"elementor-widget-container\">\n\t\t\t\t\t\t\t\t\t<h2>KUVAUS<\/h2><p>Orelo COMM on pieni ja huomaamaton k\u00e4ytt\u00e4j\u00e4n korvak\u00e4yt\u00e4v\u00e4n muotoon valettava kuuloke, joka on muotoiltu mahdollisimman matalaksi kyp\u00e4r\u00e4n k\u00e4ytt\u00f6\u00e4 ajatellen.<\/p><p>Yksil\u00f6llinen muotoilu mahdollistaa t\u00e4ydellisen istuvuuden. Kuulokkeet eiv\u00e4t purista, eiv\u00e4tk\u00e4 putoa kovassakaan vauhdissa ja kuuluvuus s\u00e4ilyy my\u00f6s meluisassa ymp\u00e4rist\u00f6ss\u00e4. Pienen kokonsa ansiosta k\u00e4ytt\u00f6 on mukavaa jopa kyp\u00e4r\u00e4n kanssa.<\/p><p>Orelo COMM kuulokkeet valmistetaan valinnan mukaan joko akryylista, tai joustavasta ThermoFlex materiaalista. Etulevy on vakiona akryylista. Kuulokkeet on lis\u00e4ksi mahdollista varustaa kuulonsuojaimissakin k\u00e4ytetyll\u00e4 suodatinosalla. Suodatin parantaa puhekuuluvuutta ja v\u00e4hent\u00e4\u00e4 mahdollista paineen tuntua.<\/p><p>Oikean ja vasemman puolen erottavien merkint\u00f6jen lis\u00e4ksi runkoon voidaan kaivertaa vapaavalintaisia tunnistemerkint\u00f6j\u00e4, esim. k\u00e4ytt\u00e4j\u00e4n nimi.<\/p><p>\u00a0<\/p><p>Ominaisuudet:<\/p><ul><li>Saatavana yhden ja kahden korvan versiona<\/li><li>Materiaalina joko kova akryyli, tai ihon l\u00e4mm\u00f6st\u00e4 pehmenev\u00e4 ThermoFlex<\/li><li>V\u00e4rivaihtoehtoina musta ja l\u00e4pin\u00e4kyv\u00e4<\/li><li>Irroitettava Linum G2 BaX T2 johto 3,5 mm liittimell\u00e4<\/li><li>Johdon l\u00e4ht\u00f6kulma joko suoraan alasp\u00e4in, tai vaihtoehtoisesti eteen ja yl\u00f6s korvan yli<\/li><li>Mahdollista varustaa vaihdettavalla suodatinosalla<\/li><\/ul>\t\t\t\t\t\t\t\t<\/div>\n\t\t\t\t<\/div>\n\t\t\t\t\t<\/div>\n\t\t<\/div>\n\t\t\t\t\t<\/div>\n\t\t<\/section>\n\t\t\t\t<section class=\"elementor-section elementor-top-section elementor-element elementor-element-a6c9f49 elementor-section-boxed elementor-section-height-default elementor-section-height-default\" data-id=\"a6c9f49\" data-element_type=\"section\">\n\t\t\t\t\t\t<div class=\"elementor-container elementor-column-gap-default\">\n\t\t\t\t\t<div class=\"elementor-column elementor-col-100 elementor-top-column elementor-element elementor-element-3219dad\" data-id=\"3219dad\" data-element_type=\"column\">\n\t\t\t<div class=\"elementor-widget-wrap elementor-element-populated\">\n\t\t\t\t\t\t<div class=\"elementor-element elementor-element-5a04d66 elementor-align-center elementor-widget elementor-widget-button\" data-id=\"5a04d66\" data-element_type=\"widget\" data-widget_type=\"button.default\">\n\t\t\t\t<div class=\"elementor-widget-container\">\n\t\t\t\t\t\t\t\t\t<div class=\"elementor-button-wrapper\">\n\t\t\t\t\t<a class=\"elementor-button elementor-button-link elementor-size-lg\" href=\"https:\/\/www.bachmaier.de\/en\/bachmaier-comm\">\n\t\t\t\t\t\t<span class=\"elementor-button-content-wrapper\">\n\t\t\t\t\t\t\t\t\t<span class=\"elementor-button-text\">LIS\u00c4TIETOA VALMISTAJAN SIVUILLA<\/span>\n\t\t\t\t\t<\/span>\n\t\t\t\t\t<\/a>\n\t\t\t\t<\/div>\n\t\t\t\t\t\t\t\t<\/div>\n\t\t\t\t<\/div>\n\t\t\t\t<div class=\"elementor-element elementor-element-cac50b7 elementor-widget-divider--view-line elementor-widget elementor-widget-divider\" data-id=\"cac50b7\" data-element_type=\"widget\" data-widget_type=\"divider.default\">\n\t\t\t\t<div class=\"elementor-widget-container\">\n\t\t\t\t\t\t\t<div class=\"elementor-divider\">\n\t\t\t<span class=\"elementor-divider-separator\">\n\t\t\t\t\t\t<\/span>\n\t\t<\/div>\n\t\t\t\t\t\t<\/div>\n\t\t\t\t<\/div>\n\t\t\t\t\t<\/div>\n\t\t<\/div>\n\t\t\t\t\t<\/div>\n\t\t<\/section>\n\t\t\t\t<section class=\"elementor-section elementor-top-section elementor-element elementor-element-770a9bb4 elementor-section-boxed elementor-section-height-default elementor-section-height-default\" data-id=\"770a9bb4\" data-element_type=\"section\" data-settings=\"{&quot;background_background&quot;:&quot;classic&quot;}\">\n\t\t\t\t\t\t<div class=\"elementor-container elementor-column-gap-default\">\n\t\t\t\t\t<div class=\"elementor-column elementor-col-50 elementor-top-column elementor-element elementor-element-48e0b9a9\" data-id=\"48e0b9a9\" data-element_type=\"column\">\n\t\t\t<div class=\"elementor-widget-wrap elementor-element-populated\">\n\t\t\t\t\t\t<div class=\"elementor-element elementor-element-67a7a15d elementor-widget elementor-widget-heading\" data-id=\"67a7a15d\" data-element_type=\"widget\" data-widget_type=\"heading.default\">\n\t\t\t\t<div class=\"elementor-widget-container\">\n\t\t\t\t\t<h2 class=\"elementor-heading-title elementor-size-default\"><span style=\"text-transform: none;font-size: inherit;font-weight: inherit;margin: 0px;, Arial, sans-serif;letter-spacing: -1px\"><span data-ui-id=\"page-title-wrapper\" style=\"--tw-border-spacing-x: 0;--tw-border-spacing-y: 0;--tw-translate-x: 0;--tw-translate-y: 0;--tw-rotate: 0;--tw-skew-x: 0;--tw-skew-y: 0;--tw-scale-x: 1;--tw-scale-y: 1;--tw-pan-x:;--tw-pan-y:;--tw-pinch-zoom:;--tw-scroll-snap-strictness: proximity;--tw-gradient-from-position:;--tw-gradient-via-position:;--tw-gradient-to-position:;--tw-ordinal:;--tw-slashed-zero:;--tw-numeric-figure:;--tw-numeric-spacing:;--tw-numeric-fraction:;--tw-ring-inset:;--tw-ring-offset-width: 0px;--tw-ring-offset-color: #fff;--tw-ring-color: #3b82f680;--tw-ring-offset-shadow: 0 0 #0000;--tw-ring-shadow: 0 0 #0000;--tw-shadow: 0 0 #0000;--tw-shadow-colored: 0 0 #0000;--tw-blur:;--tw-brightness:;--tw-contrast:;--tw-grayscale:;--tw-hue-rotate:;--tw-invert:;--tw-saturate:;--tw-sepia:;--tw-drop-shadow:;--tw-backdrop-blur:;--tw-backdrop-brightness:;--tw-backdrop-contrast:;--tw-backdrop-grayscale:;--tw-backdrop-hue-rotate:;--tw-backdrop-invert:;--tw-backdrop-opacity:;--tw-backdrop-saturate:;--tw-backdrop-sepia:\">FiiO BTR3K Bluetooth Audio vastaanotin<\/span><\/span>        125\u20ac<\/h2>\t\t\t\t<\/div>\n\t\t\t\t<\/div>\n\t\t\t\t<div class=\"elementor-element elementor-element-2076d189 elementor-widget elementor-widget-image\" data-id=\"2076d189\" data-element_type=\"widget\" data-widget_type=\"image.default\">\n\t\t\t\t<div class=\"elementor-widget-container\">\n\t\t\t\t\t\t\t\t\t\t\t\t\t\t\t<img decoding=\"async\" width=\"525\" height=\"525\" src=\"https:\/\/www.omakuulo.fi\/wp-content\/uploads\/2026\/02\/9020-bachmaier-fiio-btr3k-bluetooth-headphone-amp-3-1024x1024.webp\" class=\"attachment-large size-large wp-image-2068\" alt=\"\" srcset=\"https:\/\/www.omakuulo.fi\/wp-content\/uploads\/2026\/02\/9020-bachmaier-fiio-btr3k-bluetooth-headphone-amp-3-1024x1024.webp 1024w, https:\/\/www.omakuulo.fi\/wp-content\/uploads\/2026\/02\/9020-bachmaier-fiio-btr3k-bluetooth-headphone-amp-3-e1771334121752-150x150.webp 150w, https:\/\/www.omakuulo.fi\/wp-content\/uploads\/2026\/02\/9020-bachmaier-fiio-btr3k-bluetooth-headphone-amp-3-e1771334121752-100x100.webp 100w\" sizes=\"100vw\" \/>\t\t\t\t\t\t\t\t\t\t\t\t\t\t\t<\/div>\n\t\t\t\t<\/div>\n\t\t\t\t\t<\/div>\n\t\t<\/div>\n\t\t\t\t<div class=\"elementor-column elementor-col-50 elementor-top-column elementor-element elementor-element-7011ff66\" data-id=\"7011ff66\" data-element_type=\"column\">\n\t\t\t<div class=\"elementor-widget-wrap elementor-element-populated\">\n\t\t\t\t\t\t<div class=\"elementor-element elementor-element-7168cbd2 elementor-widget elementor-widget-text-editor\" data-id=\"7168cbd2\" data-element_type=\"widget\" data-widget_type=\"text-editor.default\">\n\t\t\t\t<div class=\"elementor-widget-container\">\n\t\t\t\t\t\t\t\t\t<p>FiiO BTR3K on t\u00e4ydellinen kumppani musiikin yst\u00e4ville, jotka haluavat nauttia huippuluokan \u00e4\u00e4nenlaadusta liikkeell\u00e4 ollessaan. Sek\u00e4 tasapainotettujen ett\u00e4 ep\u00e4tasapainotettujen kuulokeulostulojen ansiosta se tarjoaa maksimaalisen joustavuuden ja ensiluokkaisen \u00e4\u00e4nentoiston. Kaksois-AKM AK4377A DAC -muuntimella varustettu kompakti Bluetooth-kuulokevahvistin varmistaa erinomaisen \u00e4\u00e4nenlaadun kristallinkirkkailla diskanteilla ja syv\u00e4ll\u00e4 bassolla. Bluetooth 5.0 -tekniikka tarjoaa vakaan ja h\u00e4iri\u00f6tt\u00f6m\u00e4n yhteyden, kun taas korkean resoluution koodekit, kuten aptX HD, aptX LL, LDAC ja AAC, takaavat h\u00e4vi\u00f6tt\u00f6m\u00e4n \u00e4\u00e4nensiirron. Olipa kyseess\u00e4 puhelut tai \u00e4\u00e4niavustajien k\u00e4ytt\u00f6, integroitu mikrofoni cVc-melunvaimennuksella varmistaa erinomaisen \u00e4\u00e4nenlaadun. Monipisteyhteyden ansiosta voit yhdist\u00e4\u00e4 kaksi laitetta samanaikaisesti, mik\u00e4 helpottaa vaihtamista \u00e4lypuhelimen ja kannettavan tietokoneen v\u00e4lill\u00e4. Vaikka FiiO BTR3K painaa vain 23,5 g, sill\u00e4 on vaikuttava jopa 11 tunnin akunkesto ja se voidaan ladata t\u00e4yteen vain 1,5 tunnissa USB-C-pikalatauksen kautta. Sen elegantti alumiinikotelo 2.5D-lasilla tekee BTR3K:sta paitsi akustisen my\u00f6s visuaalisen kohokohdan. Mukana toimitetaan k\u00e4yt\u00e4nn\u00f6llinen klipsi ja suojakotelo, joiden avulla vahvistin voidaan kiinnitt\u00e4\u00e4 turvallisesti ja k\u00e4tev\u00e4sti vaatteisiin tai laukkuun.<\/p>\t\t\t\t\t\t\t\t<\/div>\n\t\t\t\t<\/div>\n\t\t\t\t\t<\/div>\n\t\t<\/div>\n\t\t\t\t\t<\/div>\n\t\t<\/section>\n\t\t\t\t<\/div>\n\t\t","protected":false},"excerpt":{"rendered":"<p>ORELO COMM HINTA449\u20ac mono 629\u20ac Stereo KUVAUS Orelo COMM on pieni ja huomaamaton k\u00e4ytt\u00e4j\u00e4n korvak\u00e4yt\u00e4v\u00e4n muotoon valettava kuuloke, joka on muotoiltu mahdollisimman matalaksi kyp\u00e4r\u00e4n k\u00e4ytt\u00f6\u00e4 ajatellen. Yksil\u00f6llinen muotoilu mahdollistaa t\u00e4ydellisen &hellip; <\/p>\n<p class=\"link-more\"><a href=\"https:\/\/www.omakuulo.fi\/index.php\/orelo-comm\/\" class=\"more-link\">Jatka lukemista<span class=\"screen-reader-text\"> &#8221;Orelo COMM&#8221;<\/span><\/a><\/p>\n","protected":false},"author":1,"featured_media":0,"parent":0,"menu_order":0,"comment_status":"closed","ping_status":"closed","template":"elementor_header_footer","meta":{"footnotes":""},"class_list":["post-2052","page","type-page","status-publish","hentry"],"_links":{"self":[{"href":"https:\/\/www.omakuulo.fi\/index.php\/wp-json\/wp\/v2\/pages\/2052","targetHints":{"allow":["GET"]}}],"collection":[{"href":"https:\/\/www.omakuulo.fi\/index.php\/wp-json\/wp\/v2\/pages"}],"about":[{"href":"https:\/\/www.omakuulo.fi\/index.php\/wp-json\/wp\/v2\/types\/page"}],"author":[{"embeddable":true,"href":"https:\/\/www.omakuulo.fi\/index.php\/wp-json\/wp\/v2\/users\/1"}],"replies":[{"embeddable":true,"href":"https:\/\/www.omakuulo.fi\/index.php\/wp-json\/wp\/v2\/comments?post=2052"}],"version-history":[{"count":16,"href":"https:\/\/www.omakuulo.fi\/index.php\/wp-json\/wp\/v2\/pages\/2052\/revisions"}],"predecessor-version":[{"id":2077,"href":"https:\/\/www.omakuulo.fi\/index.php\/wp-json\/wp\/v2\/pages\/2052\/revisions\/2077"}],"wp:attachment":[{"href":"https:\/\/www.omakuulo.fi\/index.php\/wp-json\/wp\/v2\/media?parent=2052"}],"curies":[{"name":"wp","href":"https:\/\/api.w.org\/{rel}","templated":true}]}}