{"id":2078,"date":"2026-02-17T15:44:43","date_gmt":"2026-02-17T13:44:43","guid":{"rendered":"https:\/\/www.omakuulo.fi\/?page_id=2078"},"modified":"2026-02-17T16:00:56","modified_gmt":"2026-02-17T14:00:56","slug":"orelo-work","status":"publish","type":"page","link":"https:\/\/www.omakuulo.fi\/index.php\/orelo-work\/","title":{"rendered":"Orelo Protect"},"content":{"rendered":"\t\t<div data-elementor-type=\"wp-page\" data-elementor-id=\"2078\" class=\"elementor elementor-2078\" data-elementor-post-type=\"page\">\n\t\t\t\t\t\t<section class=\"elementor-section elementor-top-section elementor-element elementor-element-710d354 elementor-section-boxed elementor-section-height-default elementor-section-height-default\" data-id=\"710d354\" data-element_type=\"section\">\n\t\t\t\t\t\t<div class=\"elementor-container elementor-column-gap-default\">\n\t\t\t\t\t<div class=\"elementor-column elementor-col-100 elementor-top-column elementor-element elementor-element-df511e9\" data-id=\"df511e9\" data-element_type=\"column\">\n\t\t\t<div class=\"elementor-widget-wrap elementor-element-populated\">\n\t\t\t\t\t\t<div class=\"elementor-element elementor-element-e35e7ef elementor-widget elementor-widget-heading\" data-id=\"e35e7ef\" data-element_type=\"widget\" data-widget_type=\"heading.default\">\n\t\t\t\t<div class=\"elementor-widget-container\">\n\t\t\t\t\t<h2 class=\"elementor-heading-title elementor-size-default\">ORELO PROTECT<\/h2>\t\t\t\t<\/div>\n\t\t\t\t<\/div>\n\t\t\t\t\t<\/div>\n\t\t<\/div>\n\t\t\t\t\t<\/div>\n\t\t<\/section>\n\t\t\t\t<section class=\"elementor-section elementor-top-section elementor-element elementor-element-84f9be5 elementor-section-boxed elementor-section-height-default elementor-section-height-default\" data-id=\"84f9be5\" data-element_type=\"section\">\n\t\t\t\t\t\t<div class=\"elementor-container elementor-column-gap-default\">\n\t\t\t\t\t<div class=\"elementor-column elementor-col-100 elementor-top-column elementor-element elementor-element-c283b1a\" data-id=\"c283b1a\" data-element_type=\"column\">\n\t\t\t<div class=\"elementor-widget-wrap elementor-element-populated\">\n\t\t\t\t\t\t<section class=\"elementor-section elementor-inner-section elementor-element elementor-element-0f9a6a6 elementor-section-boxed elementor-section-height-default elementor-section-height-default\" data-id=\"0f9a6a6\" data-element_type=\"section\">\n\t\t\t\t\t\t<div class=\"elementor-container elementor-column-gap-default\">\n\t\t\t\t\t<div class=\"elementor-column elementor-col-50 elementor-inner-column elementor-element elementor-element-1fd8f8a\" data-id=\"1fd8f8a\" data-element_type=\"column\">\n\t\t\t<div class=\"elementor-widget-wrap elementor-element-populated\">\n\t\t\t\t\t\t<div class=\"elementor-element elementor-element-5de7d86 elementor-widget elementor-widget-image\" data-id=\"5de7d86\" data-element_type=\"widget\" data-widget_type=\"image.default\">\n\t\t\t\t<div class=\"elementor-widget-container\">\n\t\t\t\t\t\t\t\t\t\t\t\t\t\t\t<img fetchpriority=\"high\" decoding=\"async\" width=\"1536\" height=\"1536\" src=\"https:\/\/www.omakuulo.fi\/wp-content\/uploads\/2026\/02\/protect_with_icon-1536x1536.jpg\" class=\"attachment-1536x1536 size-1536x1536 wp-image-2080\" alt=\"\" srcset=\"https:\/\/www.omakuulo.fi\/wp-content\/uploads\/2026\/02\/protect_with_icon-1536x1536.jpg 1536w, https:\/\/www.omakuulo.fi\/wp-content\/uploads\/2026\/02\/protect_with_icon-300x300.jpg 300w, https:\/\/www.omakuulo.fi\/wp-content\/uploads\/2026\/02\/protect_with_icon-1024x1024.jpg 1024w, https:\/\/www.omakuulo.fi\/wp-content\/uploads\/2026\/02\/protect_with_icon-150x150.jpg 150w, https:\/\/www.omakuulo.fi\/wp-content\/uploads\/2026\/02\/protect_with_icon-768x768.jpg 768w, https:\/\/www.omakuulo.fi\/wp-content\/uploads\/2026\/02\/protect_with_icon-2048x2048.jpg 2048w, https:\/\/www.omakuulo.fi\/wp-content\/uploads\/2026\/02\/protect_with_icon-100x100.jpg 100w\" sizes=\"100vw\" \/>\t\t\t\t\t\t\t\t\t\t\t\t\t\t\t<\/div>\n\t\t\t\t<\/div>\n\t\t\t\t\t<\/div>\n\t\t<\/div>\n\t\t\t\t<div class=\"elementor-column elementor-col-50 elementor-inner-column elementor-element elementor-element-562a531\" data-id=\"562a531\" data-element_type=\"column\">\n\t\t\t<div class=\"elementor-widget-wrap elementor-element-populated\">\n\t\t\t\t\t\t<div class=\"elementor-element elementor-element-ef1e571 elementor-icon-list--layout-traditional elementor-list-item-link-full_width elementor-widget elementor-widget-icon-list\" data-id=\"ef1e571\" data-element_type=\"widget\" data-widget_type=\"icon-list.default\">\n\t\t\t\t<div class=\"elementor-widget-container\">\n\t\t\t\t\t\t\t<ul class=\"elementor-icon-list-items\">\n\t\t\t\t\t\t\t<li class=\"elementor-icon-list-item\">\n\t\t\t\t\t\t\t\t\t\t\t<span class=\"elementor-icon-list-icon\">\n\t\t\t\t\t\t\t<i aria-hidden=\"true\" class=\"fas fa-check\"><\/i>\t\t\t\t\t\t<\/span>\n\t\t\t\t\t\t\t\t\t\t<span class=\"elementor-icon-list-text\">TY\u00d6H\u00d6N<\/span>\n\t\t\t\t\t\t\t\t\t<\/li>\n\t\t\t\t\t\t\t\t<li class=\"elementor-icon-list-item\">\n\t\t\t\t\t\t\t\t\t\t\t<span class=\"elementor-icon-list-icon\">\n\t\t\t\t\t\t\t<i aria-hidden=\"true\" class=\"fas fa-check\"><\/i>\t\t\t\t\t\t<\/span>\n\t\t\t\t\t\t\t\t\t\t<span class=\"elementor-icon-list-text\">MOOTTORIPY\u00d6R\u00c4ILY<\/span>\n\t\t\t\t\t\t\t\t\t<\/li>\n\t\t\t\t\t\t\t\t<li class=\"elementor-icon-list-item\">\n\t\t\t\t\t\t\t\t\t\t\t<span class=\"elementor-icon-list-icon\">\n\t\t\t\t\t\t\t<i aria-hidden=\"true\" class=\"fas fa-check\"><\/i>\t\t\t\t\t\t<\/span>\n\t\t\t\t\t\t\t\t\t\t<span class=\"elementor-icon-list-text\">VAPAA-AIKA<\/span>\n\t\t\t\t\t\t\t\t\t<\/li>\n\t\t\t\t\t\t<\/ul>\n\t\t\t\t\t\t<\/div>\n\t\t\t\t<\/div>\n\t\t\t\t<div class=\"elementor-element elementor-element-81a85f4 elementor-skin-carousel elementor-arrows-yes elementor-pagination-type-bullets elementor-pagination-position-outside elementor-widget elementor-widget-media-carousel\" data-id=\"81a85f4\" data-element_type=\"widget\" data-settings=\"{&quot;skin&quot;:&quot;carousel&quot;,&quot;effect&quot;:&quot;slide&quot;,&quot;show_arrows&quot;:&quot;yes&quot;,&quot;pagination&quot;:&quot;bullets&quot;,&quot;speed&quot;:500,&quot;autoplay&quot;:&quot;yes&quot;,&quot;autoplay_speed&quot;:5000,&quot;loop&quot;:&quot;yes&quot;,&quot;pause_on_hover&quot;:&quot;yes&quot;,&quot;pause_on_interaction&quot;:&quot;yes&quot;,&quot;space_between&quot;:{&quot;unit&quot;:&quot;px&quot;,&quot;size&quot;:10,&quot;sizes&quot;:[]},&quot;space_between_tablet&quot;:{&quot;unit&quot;:&quot;px&quot;,&quot;size&quot;:10,&quot;sizes&quot;:[]},&quot;space_between_mobile&quot;:{&quot;unit&quot;:&quot;px&quot;,&quot;size&quot;:10,&quot;sizes&quot;:[]}}\" data-widget_type=\"media-carousel.default\">\n\t\t\t\t<div class=\"elementor-widget-container\">\n\t\t\t\t\t\t\t\t\t<div class=\"elementor-swiper\">\n\t\t\t\t\t<div class=\"elementor-main-swiper swiper\" role=\"region\" aria-roledescription=\"carousel\" aria-label=\"Slides\">\n\t\t\t\t<div class=\"swiper-wrapper\">\n\t\t\t\t\t\t\t\t\t\t\t<div class=\"swiper-slide\" role=\"group\" aria-roledescription=\"slide\">\n\t\t\t\t\t\t\t\t\t<div class=\"elementor-carousel-image\" role=\"img\" aria-label=\"protect_classic_with_handle\" style=\"background-image: url(&#039;https:\/\/www.omakuulo.fi\/wp-content\/uploads\/2026\/02\/protect_classic_with_handle-scaled.png&#039;)\">\n\n\t\t\t\n\t\t\t\t\t<\/div>\n\t\t\t\t\t\t\t\t<\/div>\n\t\t\t\t\t\t\t\t\t\t\t<div class=\"swiper-slide\" role=\"group\" aria-roledescription=\"slide\">\n\t\t\t\t\t\t\t\t\t<div class=\"elementor-carousel-image\" role=\"img\" aria-label=\"protect_classic_without_handle\" style=\"background-image: url(&#039;https:\/\/www.omakuulo.fi\/wp-content\/uploads\/2026\/02\/protect_classic_without_handle-scaled.png&#039;)\">\n\n\t\t\t\n\t\t\t\t\t<\/div>\n\t\t\t\t\t\t\t\t<\/div>\n\t\t\t\t\t\t\t\t\t\t\t<div class=\"swiper-slide\" role=\"group\" aria-roledescription=\"slide\">\n\t\t\t\t\t\t\t\t\t<div class=\"elementor-carousel-image\" role=\"img\" aria-label=\"protect_mini_with_handle\" style=\"background-image: url(&#039;https:\/\/www.omakuulo.fi\/wp-content\/uploads\/2026\/02\/protect_mini_with_handle-scaled.png&#039;)\">\n\n\t\t\t\n\t\t\t\t\t<\/div>\n\t\t\t\t\t\t\t\t<\/div>\n\t\t\t\t\t\t\t\t\t\t\t<div class=\"swiper-slide\" role=\"group\" aria-roledescription=\"slide\">\n\t\t\t\t\t\t\t\t\t<div class=\"elementor-carousel-image\" role=\"img\" aria-label=\"protect_mini_without_handle\" style=\"background-image: url(&#039;https:\/\/www.omakuulo.fi\/wp-content\/uploads\/2026\/02\/protect_mini_without_handle-scaled.png&#039;)\">\n\n\t\t\t\n\t\t\t\t\t<\/div>\n\t\t\t\t\t\t\t\t<\/div>\n\t\t\t\t\t\t\t\t\t\t\t<div class=\"swiper-slide\" role=\"group\" aria-roledescription=\"slide\">\n\t\t\t\t\t\t\t\t\t<div class=\"elementor-carousel-image\" role=\"img\" aria-label=\"protect_plus_with_handle\" style=\"background-image: url(&#039;https:\/\/www.omakuulo.fi\/wp-content\/uploads\/2026\/02\/protect_plus_with_handle-scaled.png&#039;)\">\n\n\t\t\t\n\t\t\t\t\t<\/div>\n\t\t\t\t\t\t\t\t<\/div>\n\t\t\t\t\t\t\t\t\t\t\t<div class=\"swiper-slide\" role=\"group\" aria-roledescription=\"slide\">\n\t\t\t\t\t\t\t\t\t<div class=\"elementor-carousel-image\" role=\"img\" aria-label=\"protect_plus_without_handle\" style=\"background-image: url(&#039;https:\/\/www.omakuulo.fi\/wp-content\/uploads\/2026\/02\/protect_plus_without_handle-scaled.png&#039;)\">\n\n\t\t\t\n\t\t\t\t\t<\/div>\n\t\t\t\t\t\t\t\t<\/div>\n\t\t\t\t\t\t\t\t\t<\/div>\n\t\t\t\t\t\t\t\t\t\t\t\t\t\t\t<div class=\"elementor-swiper-button elementor-swiper-button-prev\" role=\"button\" tabindex=\"0\" aria-label=\"Previous\">\n\t\t\t\t\t\t\t<i aria-hidden=\"true\" class=\"eicon-chevron-left\"><\/i>\t\t\t\t\t\t<\/div>\n\t\t\t\t\t\t<div class=\"elementor-swiper-button elementor-swiper-button-next\" role=\"button\" tabindex=\"0\" aria-label=\"Next\">\n\t\t\t\t\t\t\t<i aria-hidden=\"true\" class=\"eicon-chevron-right\"><\/i>\t\t\t\t\t\t<\/div>\n\t\t\t\t\t\t\t\t\t\t\t\t\t\t\t\t<div class=\"swiper-pagination\"><\/div>\n\t\t\t\t\t\t\t\t\t\t\t\t<\/div>\n\t\t\t\t<\/div>\n\t\t\t\t\t\t\t\t<\/div>\n\t\t\t\t<\/div>\n\t\t\t\t<div class=\"elementor-element elementor-element-5764e34 elementor-widget elementor-widget-heading\" data-id=\"5764e34\" data-element_type=\"widget\" data-widget_type=\"heading.default\">\n\t\t\t\t<div class=\"elementor-widget-container\">\n\t\t\t\t\t<h2 class=\"elementor-heading-title elementor-size-default\">HINTA<br>205\u20ac<\/h2>\t\t\t\t<\/div>\n\t\t\t\t<\/div>\n\t\t\t\t\t<\/div>\n\t\t<\/div>\n\t\t\t\t\t<\/div>\n\t\t<\/section>\n\t\t\t\t\t<\/div>\n\t\t<\/div>\n\t\t\t\t\t<\/div>\n\t\t<\/section>\n\t\t\t\t<section class=\"elementor-section elementor-top-section elementor-element elementor-element-4115894 elementor-section-boxed elementor-section-height-default elementor-section-height-default\" data-id=\"4115894\" data-element_type=\"section\">\n\t\t\t\t\t\t<div class=\"elementor-container elementor-column-gap-default\">\n\t\t\t\t\t<div class=\"elementor-column elementor-col-100 elementor-top-column elementor-element elementor-element-cdbaf23\" data-id=\"cdbaf23\" data-element_type=\"column\">\n\t\t\t<div class=\"elementor-widget-wrap elementor-element-populated\">\n\t\t\t\t\t\t<div class=\"elementor-element elementor-element-67ccaee elementor-widget elementor-widget-text-editor\" data-id=\"67ccaee\" data-element_type=\"widget\" data-widget_type=\"text-editor.default\">\n\t\t\t\t<div class=\"elementor-widget-container\">\n\t\t\t\t\t\t\t\t\t<h2>KUVAUS<\/h2><p>Yksil\u00f6lliset kuulonsuojaimet meluisiin, likaisiin ja vaativiin ymp\u00e4rist\u00f6ihin. Integroitu suodatinteknologia suojaa kuuloa luotettavasti haitalliselta melulta est\u00e4m\u00e4tt\u00e4 kuitenkaan ymp\u00e4rist\u00f6n havainnointia. Oli kyse sitten ty\u00f6koneista, moottoreista tai taustamelusta, h\u00e4iritsev\u00e4t \u00e4\u00e4net vaimenevat, mutta varoitus\u00e4\u00e4net ja puhe pysyv\u00e4t selkein\u00e4 ja ymm\u00e4rrett\u00e4vin\u00e4.<\/p><p>Yksil\u00f6llisesti k\u00e4ytt\u00e4j\u00e4n korviin valettu suojain istuu mukavasti paikallaan pitki\u00e4kin aikoja \u2013 ei lipsumista, eik\u00e4 jatkuvaa s\u00e4\u00e4t\u00f6\u00e4. Kolmen erikokoisen mallin, seitsem\u00e4n vaimennusvaihtoehdon ja 13 v\u00e4rivaihtoehdon ansiosta Orelo protect mukautuu juuri k\u00e4ytt\u00e4j\u00e4n tarpeisiin.<\/p><ul><li>3 erilaista muotoilua (mini, classic, plus) t\u00e4ydellisen istuvuuden takaamiseksi<\/li><li>2 materiaalivaihtoehtoa (silikoni ja akryyli)<\/li><li>7 suodatinvaihtoehtoa yksil\u00f6lliseen melunvaimennukseen; light (18 dB), medium (21 dB), strong (26dB), extra strong (31 dB), maximum (32 dB), high frequency (14 dB), impulse (31 dB)<\/li><li>13 eri v\u00e4rivaihtoehtoa<\/li><li>Suojaimet mahdollista varustaa kahvalla &amp; yhdysnarulla, metallikuulalla (esim. elintarviketeollisuuteen) ja yksil\u00f6llisell\u00e4 kaiverruksella<\/li><li>Sertifioitu standardien EN 352-2:2020 &amp; A1:2024 mukaisesti<\/li><\/ul><p>Orelo protect -kuulonsuojain on saatavilla kolmella erilaisella muotoilulla. Jokainen versio on r\u00e4\u00e4t\u00e4l\u00f6ity vastaamaan erilaisia tarpeita, ty\u00f6ymp\u00e4rist\u00f6j\u00e4 ja k\u00e4ytt\u00f6tapoja tarjoten maksimaalisen mukavuuden, varman istuvuuden ja luotettavan melunvaimennuksen.<\/p><p><strong>protect plus<\/strong><br \/>Suurin malli. t\u00e4ysin peitt\u00e4v\u00e4 ja erityisen kest\u00e4v\u00e4 rakenne. Helppo asettaa paikoilleen ja poistaa korvista my\u00f6s k\u00e4sineill\u00e4 vaativissakin ty\u00f6olosuhteissa.<\/p><p><strong>protect classic<\/strong><br \/>Vakiokokoinen suojain. Helppo k\u00e4sitell\u00e4 ja ihanteellinen pitk\u00e4aikaiseen k\u00e4ytt\u00f6\u00f6n.<\/p><p><strong>protect mini<\/strong><br \/>Pienin malli. L\u00e4hes huomaamaton ja t\u00e4ydellinen silloin, kun korvaan kohdistuu ulkoista painetta. Erinomainen kyp\u00e4r\u00e4n, p\u00e4\u00e4hineen tai kuppisuojainten alla k\u00e4ytett\u00e4v\u00e4ksi \u2013 my\u00f6s motoristeille.<\/p><p>Erilaisten muotoilujen lis\u00e4ksi suojainten materiaaliksi voidaan valita joko pehme\u00e4 <strong>silikoni<\/strong>, tai kova <strong>akryyli<\/strong>.<\/p><p>Uusi Softtouch-silikoni on poikkeuksellisen pehme\u00e4, joustava ja ihoyst\u00e4v\u00e4llinen \u2013 t\u00e4ydellinen herkille korville ja k\u00e4ytt\u00f6\u00f6n koko p\u00e4iv\u00e4n ajaksi. Suojain istuu tiiviisti ilman paineen tuntua, pysyy paikallaan liikkeess\u00e4kin ja tuntuu mukavalta tuntikausia. Materiaali on pehmitinaineeton, helppo puhdistaa vedell\u00e4 ja saatavilla 13 eri v\u00e4riss\u00e4. Ihanteellinen niille, jotka arvostavat mukavuutta yht\u00e4 paljon kuin suojaa.<\/p><p>3D-tulostetut akryyliset suojaimet tarjoavat erinomaisen muodonpit\u00e4vyyden ja sile\u00e4n, hygieenisen pinnan. Kest\u00e4v\u00e4 materiaali on iskunkest\u00e4v\u00e4, helppohoitoinen ja t\u00e4ydellinen vaativiin ty\u00f6olosuhteisiin \u2013 erityisesti silloin, kun suojaimia t\u00e4ytyy asettaa ja poistaa usein.<\/p>\t\t\t\t\t\t\t\t<\/div>\n\t\t\t\t<\/div>\n\t\t\t\t\t<\/div>\n\t\t<\/div>\n\t\t\t\t\t<\/div>\n\t\t<\/section>\n\t\t\t\t<section class=\"elementor-section elementor-top-section elementor-element elementor-element-105b924 elementor-section-boxed elementor-section-height-default elementor-section-height-default\" data-id=\"105b924\" data-element_type=\"section\">\n\t\t\t\t\t\t<div class=\"elementor-container elementor-column-gap-default\">\n\t\t\t\t\t<div class=\"elementor-column elementor-col-100 elementor-top-column elementor-element elementor-element-1d5e6a1\" data-id=\"1d5e6a1\" data-element_type=\"column\">\n\t\t\t<div class=\"elementor-widget-wrap elementor-element-populated\">\n\t\t\t\t\t\t<div class=\"elementor-element elementor-element-f0714c4 elementor-align-center elementor-widget elementor-widget-button\" data-id=\"f0714c4\" data-element_type=\"widget\" data-widget_type=\"button.default\">\n\t\t\t\t<div class=\"elementor-widget-container\">\n\t\t\t\t\t\t\t\t\t<div class=\"elementor-button-wrapper\">\n\t\t\t\t\t<a class=\"elementor-button elementor-button-link elementor-size-lg\" href=\"https:\/\/www.bachmaier.de\/en\/bachmaier-protect\">\n\t\t\t\t\t\t<span class=\"elementor-button-content-wrapper\">\n\t\t\t\t\t\t\t\t\t<span class=\"elementor-button-text\">LIS\u00c4TIETOA VALMISTAJAN SIVUILLA<\/span>\n\t\t\t\t\t<\/span>\n\t\t\t\t\t<\/a>\n\t\t\t\t<\/div>\n\t\t\t\t\t\t\t\t<\/div>\n\t\t\t\t<\/div>\n\t\t\t\t\t<\/div>\n\t\t<\/div>\n\t\t\t\t\t<\/div>\n\t\t<\/section>\n\t\t\t\t<\/div>\n\t\t","protected":false},"excerpt":{"rendered":"<p>ORELO PROTECT TY\u00d6H\u00d6N MOOTTORIPY\u00d6R\u00c4ILY VAPAA-AIKA HINTA205\u20ac KUVAUS Yksil\u00f6lliset kuulonsuojaimet meluisiin, likaisiin ja vaativiin ymp\u00e4rist\u00f6ihin. Integroitu suodatinteknologia suojaa kuuloa luotettavasti haitalliselta melulta est\u00e4m\u00e4tt\u00e4 kuitenkaan ymp\u00e4rist\u00f6n havainnointia. Oli kyse sitten ty\u00f6koneista, moottoreista &hellip; <\/p>\n<p class=\"link-more\"><a href=\"https:\/\/www.omakuulo.fi\/index.php\/orelo-work\/\" class=\"more-link\">Jatka lukemista<span class=\"screen-reader-text\"> &#8221;Orelo Protect&#8221;<\/span><\/a><\/p>\n","protected":false},"author":1,"featured_media":0,"parent":0,"menu_order":0,"comment_status":"closed","ping_status":"closed","template":"elementor_header_footer","meta":{"footnotes":""},"class_list":["post-2078","page","type-page","status-publish","hentry"],"_links":{"self":[{"href":"https:\/\/www.omakuulo.fi\/index.php\/wp-json\/wp\/v2\/pages\/2078","targetHints":{"allow":["GET"]}}],"collection":[{"href":"https:\/\/www.omakuulo.fi\/index.php\/wp-json\/wp\/v2\/pages"}],"about":[{"href":"https:\/\/www.omakuulo.fi\/index.php\/wp-json\/wp\/v2\/types\/page"}],"author":[{"embeddable":true,"href":"https:\/\/www.omakuulo.fi\/index.php\/wp-json\/wp\/v2\/users\/1"}],"replies":[{"embeddable":true,"href":"https:\/\/www.omakuulo.fi\/index.php\/wp-json\/wp\/v2\/comments?post=2078"}],"version-history":[{"count":9,"href":"https:\/\/www.omakuulo.fi\/index.php\/wp-json\/wp\/v2\/pages\/2078\/revisions"}],"predecessor-version":[{"id":2109,"href":"https:\/\/www.omakuulo.fi\/index.php\/wp-json\/wp\/v2\/pages\/2078\/revisions\/2109"}],"wp:attachment":[{"href":"https:\/\/www.omakuulo.fi\/index.php\/wp-json\/wp\/v2\/media?parent=2078"}],"curies":[{"name":"wp","href":"https:\/\/api.w.org\/{rel}","templated":true}]}}