{"id":2092,"date":"2026-02-17T15:48:14","date_gmt":"2026-02-17T13:48:14","guid":{"rendered":"https:\/\/www.omakuulo.fi\/?page_id=2092"},"modified":"2026-02-17T16:00:04","modified_gmt":"2026-02-17T14:00:04","slug":"orelo-fidelity","status":"publish","type":"page","link":"https:\/\/www.omakuulo.fi\/index.php\/orelo-fidelity\/","title":{"rendered":"Orelo Fidelity"},"content":{"rendered":"\t\t<div data-elementor-type=\"wp-page\" data-elementor-id=\"2092\" class=\"elementor elementor-2092\" data-elementor-post-type=\"page\">\n\t\t\t\t\t\t<section class=\"elementor-section elementor-top-section elementor-element elementor-element-46f66f4 elementor-section-boxed elementor-section-height-default elementor-section-height-default\" data-id=\"46f66f4\" data-element_type=\"section\">\n\t\t\t\t\t\t<div class=\"elementor-container elementor-column-gap-default\">\n\t\t\t\t\t<div class=\"elementor-column elementor-col-100 elementor-top-column elementor-element elementor-element-bf69a78\" data-id=\"bf69a78\" data-element_type=\"column\">\n\t\t\t<div class=\"elementor-widget-wrap elementor-element-populated\">\n\t\t\t\t\t\t<div class=\"elementor-element elementor-element-cf5a43b elementor-widget elementor-widget-heading\" data-id=\"cf5a43b\" data-element_type=\"widget\" data-widget_type=\"heading.default\">\n\t\t\t\t<div class=\"elementor-widget-container\">\n\t\t\t\t\t<h2 class=\"elementor-heading-title elementor-size-default\">ORELO FIDELITY<\/h2>\t\t\t\t<\/div>\n\t\t\t\t<\/div>\n\t\t\t\t\t<\/div>\n\t\t<\/div>\n\t\t\t\t\t<\/div>\n\t\t<\/section>\n\t\t\t\t<section class=\"elementor-section elementor-top-section elementor-element elementor-element-511dafc elementor-section-boxed elementor-section-height-default elementor-section-height-default\" data-id=\"511dafc\" data-element_type=\"section\">\n\t\t\t\t\t\t<div class=\"elementor-container elementor-column-gap-default\">\n\t\t\t\t\t<div class=\"elementor-column elementor-col-100 elementor-top-column elementor-element elementor-element-68aef37\" data-id=\"68aef37\" data-element_type=\"column\">\n\t\t\t<div class=\"elementor-widget-wrap elementor-element-populated\">\n\t\t\t\t\t\t<section class=\"elementor-section elementor-inner-section elementor-element elementor-element-f503f73 elementor-section-boxed elementor-section-height-default elementor-section-height-default\" data-id=\"f503f73\" data-element_type=\"section\">\n\t\t\t\t\t\t<div class=\"elementor-container elementor-column-gap-default\">\n\t\t\t\t\t<div class=\"elementor-column elementor-col-50 elementor-inner-column elementor-element elementor-element-c3d06e2\" data-id=\"c3d06e2\" data-element_type=\"column\">\n\t\t\t<div class=\"elementor-widget-wrap elementor-element-populated\">\n\t\t\t\t\t\t<div class=\"elementor-element elementor-element-29353c8 elementor-widget elementor-widget-image\" data-id=\"29353c8\" data-element_type=\"widget\" data-widget_type=\"image.default\">\n\t\t\t\t<div class=\"elementor-widget-container\">\n\t\t\t\t\t\t\t\t\t\t\t\t\t\t\t<img fetchpriority=\"high\" decoding=\"async\" width=\"1536\" height=\"1536\" src=\"https:\/\/www.omakuulo.fi\/wp-content\/uploads\/2026\/02\/fidelity_with_icon-1536x1536.jpg\" class=\"attachment-1536x1536 size-1536x1536 wp-image-2094\" alt=\"\" srcset=\"https:\/\/www.omakuulo.fi\/wp-content\/uploads\/2026\/02\/fidelity_with_icon-1536x1536.jpg 1536w, https:\/\/www.omakuulo.fi\/wp-content\/uploads\/2026\/02\/fidelity_with_icon-300x300.jpg 300w, https:\/\/www.omakuulo.fi\/wp-content\/uploads\/2026\/02\/fidelity_with_icon-1024x1024.jpg 1024w, https:\/\/www.omakuulo.fi\/wp-content\/uploads\/2026\/02\/fidelity_with_icon-150x150.jpg 150w, https:\/\/www.omakuulo.fi\/wp-content\/uploads\/2026\/02\/fidelity_with_icon-768x768.jpg 768w, https:\/\/www.omakuulo.fi\/wp-content\/uploads\/2026\/02\/fidelity_with_icon-2048x2048.jpg 2048w, https:\/\/www.omakuulo.fi\/wp-content\/uploads\/2026\/02\/fidelity_with_icon-100x100.jpg 100w\" sizes=\"100vw\" \/>\t\t\t\t\t\t\t\t\t\t\t\t\t\t\t<\/div>\n\t\t\t\t<\/div>\n\t\t\t\t\t<\/div>\n\t\t<\/div>\n\t\t\t\t<div class=\"elementor-column elementor-col-50 elementor-inner-column elementor-element elementor-element-7ea1c14\" data-id=\"7ea1c14\" data-element_type=\"column\">\n\t\t\t<div class=\"elementor-widget-wrap elementor-element-populated\">\n\t\t\t\t\t\t<div class=\"elementor-element elementor-element-0ea9c41 elementor-icon-list--layout-traditional elementor-list-item-link-full_width elementor-widget elementor-widget-icon-list\" data-id=\"0ea9c41\" data-element_type=\"widget\" data-widget_type=\"icon-list.default\">\n\t\t\t\t<div class=\"elementor-widget-container\">\n\t\t\t\t\t\t\t<ul class=\"elementor-icon-list-items\">\n\t\t\t\t\t\t\t<li class=\"elementor-icon-list-item\">\n\t\t\t\t\t\t\t\t\t\t\t<span class=\"elementor-icon-list-icon\">\n\t\t\t\t\t\t\t<i aria-hidden=\"true\" class=\"fas fa-check\"><\/i>\t\t\t\t\t\t<\/span>\n\t\t\t\t\t\t\t\t\t\t<span class=\"elementor-icon-list-text\">TY\u00d6H\u00d6N<\/span>\n\t\t\t\t\t\t\t\t\t<\/li>\n\t\t\t\t\t\t\t\t<li class=\"elementor-icon-list-item\">\n\t\t\t\t\t\t\t\t\t\t\t<span class=\"elementor-icon-list-icon\">\n\t\t\t\t\t\t\t<i aria-hidden=\"true\" class=\"fas fa-check\"><\/i>\t\t\t\t\t\t<\/span>\n\t\t\t\t\t\t\t\t\t\t<span class=\"elementor-icon-list-text\">MOOTTORIPY\u00d6R\u00c4ILY<\/span>\n\t\t\t\t\t\t\t\t\t<\/li>\n\t\t\t\t\t\t\t\t<li class=\"elementor-icon-list-item\">\n\t\t\t\t\t\t\t\t\t\t\t<span class=\"elementor-icon-list-icon\">\n\t\t\t\t\t\t\t<i aria-hidden=\"true\" class=\"fas fa-check\"><\/i>\t\t\t\t\t\t<\/span>\n\t\t\t\t\t\t\t\t\t\t<span class=\"elementor-icon-list-text\">VAPAA-AIKA<\/span>\n\t\t\t\t\t\t\t\t\t<\/li>\n\t\t\t\t\t\t<\/ul>\n\t\t\t\t\t\t<\/div>\n\t\t\t\t<\/div>\n\t\t\t\t<div class=\"elementor-element elementor-element-e7a7c39 elementor-skin-carousel elementor-arrows-yes elementor-pagination-type-bullets elementor-pagination-position-outside elementor-widget elementor-widget-media-carousel\" data-id=\"e7a7c39\" data-element_type=\"widget\" data-settings=\"{&quot;skin&quot;:&quot;carousel&quot;,&quot;effect&quot;:&quot;slide&quot;,&quot;show_arrows&quot;:&quot;yes&quot;,&quot;pagination&quot;:&quot;bullets&quot;,&quot;speed&quot;:500,&quot;autoplay&quot;:&quot;yes&quot;,&quot;autoplay_speed&quot;:5000,&quot;loop&quot;:&quot;yes&quot;,&quot;pause_on_hover&quot;:&quot;yes&quot;,&quot;pause_on_interaction&quot;:&quot;yes&quot;,&quot;space_between&quot;:{&quot;unit&quot;:&quot;px&quot;,&quot;size&quot;:10,&quot;sizes&quot;:[]},&quot;space_between_tablet&quot;:{&quot;unit&quot;:&quot;px&quot;,&quot;size&quot;:10,&quot;sizes&quot;:[]},&quot;space_between_mobile&quot;:{&quot;unit&quot;:&quot;px&quot;,&quot;size&quot;:10,&quot;sizes&quot;:[]}}\" data-widget_type=\"media-carousel.default\">\n\t\t\t\t<div class=\"elementor-widget-container\">\n\t\t\t\t\t\t\t\t\t<div class=\"elementor-swiper\">\n\t\t\t\t\t<div class=\"elementor-main-swiper swiper\" role=\"region\" aria-roledescription=\"carousel\" aria-label=\"Slides\">\n\t\t\t\t<div class=\"swiper-wrapper\">\n\t\t\t\t\t\t\t\t\t\t\t<div class=\"swiper-slide\" role=\"group\" aria-roledescription=\"slide\">\n\t\t\t\t\t\t\t\t\t<div class=\"elementor-carousel-image\" role=\"img\" aria-label=\"fidelity_classic_with_handle\" style=\"background-image: url(&#039;https:\/\/www.omakuulo.fi\/wp-content\/uploads\/2026\/02\/fidelity_classic_with_handle-scaled.png&#039;)\">\n\n\t\t\t\n\t\t\t\t\t<\/div>\n\t\t\t\t\t\t\t\t<\/div>\n\t\t\t\t\t\t\t\t\t\t\t<div class=\"swiper-slide\" role=\"group\" aria-roledescription=\"slide\">\n\t\t\t\t\t\t\t\t\t<div class=\"elementor-carousel-image\" role=\"img\" aria-label=\"fidelity_classic_without_handle\" style=\"background-image: url(&#039;https:\/\/www.omakuulo.fi\/wp-content\/uploads\/2026\/02\/fidelity_classic_without_handle-scaled.png&#039;)\">\n\n\t\t\t\n\t\t\t\t\t<\/div>\n\t\t\t\t\t\t\t\t<\/div>\n\t\t\t\t\t\t\t\t\t\t\t<div class=\"swiper-slide\" role=\"group\" aria-roledescription=\"slide\">\n\t\t\t\t\t\t\t\t\t<div class=\"elementor-carousel-image\" role=\"img\" aria-label=\"fidelity_plus_with_handle\" style=\"background-image: url(&#039;https:\/\/www.omakuulo.fi\/wp-content\/uploads\/2026\/02\/fidelity_plus_with_handle-scaled.png&#039;)\">\n\n\t\t\t\n\t\t\t\t\t<\/div>\n\t\t\t\t\t\t\t\t<\/div>\n\t\t\t\t\t\t\t\t\t\t\t<div class=\"swiper-slide\" role=\"group\" aria-roledescription=\"slide\">\n\t\t\t\t\t\t\t\t\t<div class=\"elementor-carousel-image\" role=\"img\" aria-label=\"fidelity_plus_without_handle\" style=\"background-image: url(&#039;https:\/\/www.omakuulo.fi\/wp-content\/uploads\/2026\/02\/fidelity_plus_without_handle-scaled.png&#039;)\">\n\n\t\t\t\n\t\t\t\t\t<\/div>\n\t\t\t\t\t\t\t\t<\/div>\n\t\t\t\t\t\t\t\t\t<\/div>\n\t\t\t\t\t\t\t\t\t\t\t\t\t\t\t<div class=\"elementor-swiper-button elementor-swiper-button-prev\" role=\"button\" tabindex=\"0\" aria-label=\"Previous\">\n\t\t\t\t\t\t\t<i aria-hidden=\"true\" class=\"eicon-chevron-left\"><\/i>\t\t\t\t\t\t<\/div>\n\t\t\t\t\t\t<div class=\"elementor-swiper-button elementor-swiper-button-next\" role=\"button\" tabindex=\"0\" aria-label=\"Next\">\n\t\t\t\t\t\t\t<i aria-hidden=\"true\" class=\"eicon-chevron-right\"><\/i>\t\t\t\t\t\t<\/div>\n\t\t\t\t\t\t\t\t\t\t\t\t\t\t\t\t<div class=\"swiper-pagination\"><\/div>\n\t\t\t\t\t\t\t\t\t\t\t\t<\/div>\n\t\t\t\t<\/div>\n\t\t\t\t\t\t\t\t<\/div>\n\t\t\t\t<\/div>\n\t\t\t\t<div class=\"elementor-element elementor-element-ed4692a elementor-widget elementor-widget-heading\" data-id=\"ed4692a\" data-element_type=\"widget\" data-widget_type=\"heading.default\">\n\t\t\t\t<div class=\"elementor-widget-container\">\n\t\t\t\t\t<h2 class=\"elementor-heading-title elementor-size-default\">HINTA<br>229\u20ac<\/h2>\t\t\t\t<\/div>\n\t\t\t\t<\/div>\n\t\t\t\t\t<\/div>\n\t\t<\/div>\n\t\t\t\t\t<\/div>\n\t\t<\/section>\n\t\t\t\t\t<\/div>\n\t\t<\/div>\n\t\t\t\t\t<\/div>\n\t\t<\/section>\n\t\t\t\t<section class=\"elementor-section elementor-top-section elementor-element elementor-element-8ed61c8 elementor-section-boxed elementor-section-height-default elementor-section-height-default\" data-id=\"8ed61c8\" data-element_type=\"section\">\n\t\t\t\t\t\t<div class=\"elementor-container elementor-column-gap-default\">\n\t\t\t\t\t<div class=\"elementor-column elementor-col-100 elementor-top-column elementor-element elementor-element-d92ef60\" data-id=\"d92ef60\" data-element_type=\"column\">\n\t\t\t<div class=\"elementor-widget-wrap elementor-element-populated\">\n\t\t\t\t\t\t<div class=\"elementor-element elementor-element-08fe79e elementor-widget elementor-widget-text-editor\" data-id=\"08fe79e\" data-element_type=\"widget\" data-widget_type=\"text-editor.default\">\n\t\t\t\t<div class=\"elementor-widget-container\">\n\t\t\t\t\t\t\t\t\t<h2>KUVAUS<\/h2><p>yksil\u00f6lliset kuulonsuojaimet tilanteisiin, joissa \u00e4\u00e4nenlaatu ratkaisee. Lavalla, studiossa, konserteissa tai meluisissa ty\u00f6ymp\u00e4rist\u00f6iss\u00e4 Orelo fidelity suojaa kuuloa tehokkaasti ja tasaisesti sulkematta pois ymp\u00e4r\u00f6iv\u00e4\u00e4 maailmaa.<\/p><p>Orelo fidelity on suunniteltu varsinkin muusikoille, \u00e4\u00e4niteknikoille, viestinn\u00e4n ammattilaisille ja kaikille, jotka ovat riippuvaisia korkealaatuisesta \u00e4\u00e4nentoistosta. Lineaariseen vaimennukseen perustuva suodatinteknologia takaa tasapainoisen ja luonnollisen vaimennuksen, antaen kaikkien taajuuksien kuulua v\u00e4\u00e4ristym\u00e4tt\u00f6min\u00e4. Puhe s\u00e4ilyy selke\u00e4n\u00e4 ja kommunikointi helppona my\u00f6s kovilla \u00e4\u00e4nenvoimakkuuksilla.<\/p><p>Yksil\u00f6llisesti valmistettu suojain pysyy tukevasti ja mukavasti paikallaan pitk\u00e4aikaisessakin k\u00e4yt\u00f6ss\u00e4, intensiivisess\u00e4 liikkeess\u00e4 ja kuppikuulokkeiden alla.<\/p><ul><li>2 erilaista muotoilua (classic, plus) t\u00e4ydellisen istuvuuden takaamiseksi<\/li><li>materiaalina pehme\u00e4 silikoni<\/li><li>4 suodatinvaihtoehtoa tasaiseen melunvaimennukseen; <strong>light<\/strong> (11 dB), <strong>medium<\/strong> (15 dB), <strong>strong<\/strong> (23 dB) ja <strong>maximum<\/strong> (25 dB)<\/li><li>13 eri v\u00e4rivaihtoehtoa (smoke-grey, black, white, blue-transparent, purple, pink, red, orange, yellow, green, transparent, pink-transparent, glow)<\/li><li>Suojaimet mahdollista varustaa kahvalla &amp; yhdysnarulla, metallikuulalla (esim. elintarviketeollisuuteen) ja yksil\u00f6llisell\u00e4 kaiverruksella<\/li><li>Sertifioitu standardien EN 352-2:2020 &amp; A1:2024 mukaisesti<\/li><\/ul><p>Orelo fidelity -kuulonsuojain on saatavilla kahdella erilaisella muotoilulla. Kummassakin versiossa yhdistyy tasainen vaimennus ja erinomainen k\u00e4ytt\u00f6mukavuus. Valitse malli, joka parhaiten vastaa tarpeitasi, k\u00e4ytt\u00f6kohdettasi ja toivottua k\u00e4sitelt\u00e4vyytt\u00e4.<\/p><p><strong>fidelity plus<\/strong><br \/>Suurempi muotoilu. varma ja kest\u00e4v\u00e4. Helppo asettaa paikoilleen ja poistaa korvista. Ihanteellinen niille, jotka tarvitsevat helppoa k\u00e4sitelt\u00e4vyytt\u00e4.<\/p><p><strong>fidelity classic<\/strong><br \/>Kompakti ja huomaamaton muotoilu. Istuu mukavasti korvak\u00e4yt\u00e4v\u00e4ss\u00e4. t\u00e4ydellinen pitk\u00e4aikaiseen k\u00e4ytt\u00f6\u00f6n ja tilanteisiin, jossa \u00e4\u00e4nenlaadulla on merkityst\u00e4.<\/p><p>Fidelity -kuulonsuojainten materiaalina toimii Uusi <strong>Softtouch-silikoni<\/strong>, joka on poikkeuksellisen pehme\u00e4, joustava ja ihoyst\u00e4v\u00e4llinen \u2013 t\u00e4ydellinen herkille korville ja kokop\u00e4iv\u00e4iseen k\u00e4ytt\u00f6\u00f6n. Suojain istuu tiiviisti ilman paineen tuntua, pysyy paikallaan liikkeess\u00e4kin ja tuntuu mukavalta tuntikausia. Materiaali on pehmitinaineeton, helppo puhdistaa vedell\u00e4 ja saatavilla monissa eri v\u00e4reiss\u00e4. Ihanteellinen niille, jotka arvostavat mukavuutta yht\u00e4 paljon kuin suojaa.<\/p>\t\t\t\t\t\t\t\t<\/div>\n\t\t\t\t<\/div>\n\t\t\t\t\t<\/div>\n\t\t<\/div>\n\t\t\t\t\t<\/div>\n\t\t<\/section>\n\t\t\t\t<section class=\"elementor-section elementor-top-section elementor-element elementor-element-13ff928 elementor-section-boxed elementor-section-height-default elementor-section-height-default\" data-id=\"13ff928\" data-element_type=\"section\">\n\t\t\t\t\t\t<div class=\"elementor-container elementor-column-gap-default\">\n\t\t\t\t\t<div class=\"elementor-column elementor-col-100 elementor-top-column elementor-element elementor-element-b366c34\" data-id=\"b366c34\" data-element_type=\"column\">\n\t\t\t<div class=\"elementor-widget-wrap elementor-element-populated\">\n\t\t\t\t\t\t<div class=\"elementor-element elementor-element-47a4a0c elementor-align-center elementor-widget elementor-widget-button\" data-id=\"47a4a0c\" data-element_type=\"widget\" data-widget_type=\"button.default\">\n\t\t\t\t<div class=\"elementor-widget-container\">\n\t\t\t\t\t\t\t\t\t<div class=\"elementor-button-wrapper\">\n\t\t\t\t\t<a class=\"elementor-button elementor-button-link elementor-size-lg\" href=\"https:\/\/www.bachmaier.de\/en\/bachmaier-fidelity\">\n\t\t\t\t\t\t<span class=\"elementor-button-content-wrapper\">\n\t\t\t\t\t\t\t\t\t<span class=\"elementor-button-text\">LIS\u00c4TIETOA VALMISTAJAN SIVUILLA<\/span>\n\t\t\t\t\t<\/span>\n\t\t\t\t\t<\/a>\n\t\t\t\t<\/div>\n\t\t\t\t\t\t\t\t<\/div>\n\t\t\t\t<\/div>\n\t\t\t\t\t<\/div>\n\t\t<\/div>\n\t\t\t\t\t<\/div>\n\t\t<\/section>\n\t\t\t\t<\/div>\n\t\t","protected":false},"excerpt":{"rendered":"<p>ORELO FIDELITY TY\u00d6H\u00d6N MOOTTORIPY\u00d6R\u00c4ILY VAPAA-AIKA HINTA229\u20ac KUVAUS yksil\u00f6lliset kuulonsuojaimet tilanteisiin, joissa \u00e4\u00e4nenlaatu ratkaisee. Lavalla, studiossa, konserteissa tai meluisissa ty\u00f6ymp\u00e4rist\u00f6iss\u00e4 Orelo fidelity suojaa kuuloa tehokkaasti ja tasaisesti sulkematta pois ymp\u00e4r\u00f6iv\u00e4\u00e4 maailmaa. &hellip; <\/p>\n<p class=\"link-more\"><a href=\"https:\/\/www.omakuulo.fi\/index.php\/orelo-fidelity\/\" class=\"more-link\">Jatka lukemista<span class=\"screen-reader-text\"> &#8221;Orelo Fidelity&#8221;<\/span><\/a><\/p>\n","protected":false},"author":1,"featured_media":0,"parent":0,"menu_order":0,"comment_status":"closed","ping_status":"closed","template":"elementor_header_footer","meta":{"footnotes":""},"class_list":["post-2092","page","type-page","status-publish","hentry"],"_links":{"self":[{"href":"https:\/\/www.omakuulo.fi\/index.php\/wp-json\/wp\/v2\/pages\/2092","targetHints":{"allow":["GET"]}}],"collection":[{"href":"https:\/\/www.omakuulo.fi\/index.php\/wp-json\/wp\/v2\/pages"}],"about":[{"href":"https:\/\/www.omakuulo.fi\/index.php\/wp-json\/wp\/v2\/types\/page"}],"author":[{"embeddable":true,"href":"https:\/\/www.omakuulo.fi\/index.php\/wp-json\/wp\/v2\/users\/1"}],"replies":[{"embeddable":true,"href":"https:\/\/www.omakuulo.fi\/index.php\/wp-json\/wp\/v2\/comments?post=2092"}],"version-history":[{"count":7,"href":"https:\/\/www.omakuulo.fi\/index.php\/wp-json\/wp\/v2\/pages\/2092\/revisions"}],"predecessor-version":[{"id":2104,"href":"https:\/\/www.omakuulo.fi\/index.php\/wp-json\/wp\/v2\/pages\/2092\/revisions\/2104"}],"wp:attachment":[{"href":"https:\/\/www.omakuulo.fi\/index.php\/wp-json\/wp\/v2\/media?parent=2092"}],"curies":[{"name":"wp","href":"https:\/\/api.w.org\/{rel}","templated":true}]}}